{"id":67,"date":"2020-09-08T09:29:04","date_gmt":"2020-09-08T09:29:04","guid":{"rendered":"https:\/\/ser.letras.up.pt\/uec\/?page_id=67"},"modified":"2024-11-21T10:35:13","modified_gmt":"2024-11-21T10:35:13","slug":"intensivos","status":"publish","type":"page","link":"https:\/\/ser.letras.up.pt\/uec\/intensivos\/","title":{"rendered":""},"content":{"rendered":"\n<div class=\"wp-block-image\"><figure class=\"aligncenter size-large\"><img loading=\"lazy\" decoding=\"async\" width=\"1024\" height=\"273\" src=\"https:\/\/ser.letras.up.pt\/uec\/wp-content\/uploads\/2022\/03\/linguas-intensivos-1024x273.jpg\" alt=\"\" class=\"wp-image-1729\" srcset=\"https:\/\/ser.letras.up.pt\/uec\/wp-content\/uploads\/2022\/03\/linguas-intensivos-1024x273.jpg 1024w, https:\/\/ser.letras.up.pt\/uec\/wp-content\/uploads\/2022\/03\/linguas-intensivos-300x80.jpg 300w, https:\/\/ser.letras.up.pt\/uec\/wp-content\/uploads\/2022\/03\/linguas-intensivos-768x205.jpg 768w, https:\/\/ser.letras.up.pt\/uec\/wp-content\/uploads\/2022\/03\/linguas-intensivos.jpg 1200w\" sizes=\"auto, (max-width: 1024px) 100vw, 1024px\" \/><\/figure><\/div>\n\n\n\n<p class=\"has-text-align-left has-normal-font-size\"><br>Os cursos intensivos t\u00eam uma dura\u00e7\u00e3o normal de 60 horas e podem ocorrer em ambos os semestres, com uma dura\u00e7\u00e3o de um a dois meses, dependendo do n\u00edvel\/l\u00edngua.<\/p>\n\n\n\n<p class=\"has-text-align-right has-small-font-size\"><\/p>\n\n\n\n<p class=\"has-text-align-right has-green-color has-text-color\"><\/p>\n\n\n<style type=\"text\/css\">\n#foogallery-gallery-622.fg-simple_portfolio { justify-content: center; --fg-gutter: 40px; }\n#foogallery-gallery-622.fg-simple_portfolio .fg-item { flex-basis: 250px; }<\/style>\n\t\t\t<div class=\"foogallery foogallery-container foogallery-simple_portfolio foogallery-lightbox-none fg-simple_portfolio fg-ready fg-transparent fg-border-thin fg-shadow-outline fg-shadow-inset-small fg-loading-pulse fg-loaded-fade-in fg-hover-zoomed fg-caption-always fg-hover-fade fg-hover-external fg-light-overlays fg-caption-always\" id=\"foogallery-gallery-622\" data-foogallery=\"{&quot;item&quot;:{&quot;showCaptionTitle&quot;:false,&quot;showCaptionDescription&quot;:false},&quot;lazy&quot;:true}\" style=\"--fg-title-line-clamp: 0; --fg-description-line-clamp: 0;\" >\n\t<div class=\"fg-item fg-type-iframe fg-idle\"><figure class=\"fg-item-inner\"><a href=\"https:\/\/ser.letras.up.pt\/uec\/alemao-2\/\" target=\"_blank\" data-attachment-id=\"2511\" class=\"foogallery-thumb fg-thumb\" data-type=\"iframe\"><span class=\"fg-image-wrap\"><img fetchpriority=\"high\" decoding=\"async\" class=\"bf-img skip-lazy fg-image\" height=\"200\" width=\"250\" data-src-fg=\"https:\/\/ser.letras.up.pt\/uec\/wp-content\/uploads\/2021\/10\/Post_instagram_Alemao_2023.jpg\" src=\"data:image\/svg+xml,%3Csvg%20xmlns%3D%22http%3A%2F%2Fwww.w3.org%2F2000%2Fsvg%22%20width%3D%22250%22%20height%3D%22200%22%20viewBox%3D%220%200%20250%20200%22%3E%3C%2Fsvg%3E\" loading=\"eager\"><\/span><span class=\"fg-image-overlay\"><\/span><\/a><\/figure><div class=\"fg-loader\"><\/div><\/div><div class=\"fg-item fg-type-iframe fg-idle\"><figure class=\"fg-item-inner\"><a href=\"https:\/\/ser.letras.up.pt\/uec\/coreano\/\" target=\"_blank\" data-attachment-id=\"2509\" class=\"foogallery-thumb fg-thumb\" data-type=\"iframe\"><span class=\"fg-image-wrap\"><img decoding=\"async\" class=\"bf-img skip-lazy fg-image\" height=\"200\" width=\"250\" data-src-fg=\"https:\/\/ser.letras.up.pt\/uec\/wp-content\/uploads\/2021\/10\/Post_instagram_Coreano_2023-1.jpg\" src=\"data:image\/svg+xml,%3Csvg%20xmlns%3D%22http%3A%2F%2Fwww.w3.org%2F2000%2Fsvg%22%20width%3D%22250%22%20height%3D%22200%22%20viewBox%3D%220%200%20250%20200%22%3E%3C%2Fsvg%3E\" loading=\"eager\"><\/span><span class=\"fg-image-overlay\"><\/span><\/a><\/figure><div class=\"fg-loader\"><\/div><\/div><div class=\"fg-item fg-type-iframe fg-idle\"><figure class=\"fg-item-inner\"><a href=\"https:\/\/ser.letras.up.pt\/uec\/espanhol\/\" target=\"_blank\" data-attachment-id=\"2513\" class=\"foogallery-thumb fg-thumb\" data-type=\"iframe\"><span class=\"fg-image-wrap\"><img decoding=\"async\" class=\"bf-img skip-lazy fg-image\" height=\"200\" width=\"250\" data-src-fg=\"https:\/\/ser.letras.up.pt\/uec\/wp-content\/uploads\/2021\/10\/Post_instagram_Espanhol_2023.jpg\" src=\"data:image\/svg+xml,%3Csvg%20xmlns%3D%22http%3A%2F%2Fwww.w3.org%2F2000%2Fsvg%22%20width%3D%22250%22%20height%3D%22200%22%20viewBox%3D%220%200%20250%20200%22%3E%3C%2Fsvg%3E\" loading=\"eager\"><\/span><span class=\"fg-image-overlay\"><\/span><\/a><\/figure><div class=\"fg-loader\"><\/div><\/div><div class=\"fg-item fg-type-iframe fg-idle\"><figure class=\"fg-item-inner\"><a href=\"https:\/\/ser.letras.up.pt\/uec\/frances-2\/\" target=\"_blank\" data-attachment-id=\"2514\" class=\"foogallery-thumb fg-thumb\" data-type=\"iframe\"><span class=\"fg-image-wrap\"><img decoding=\"async\" class=\"bf-img skip-lazy fg-image\" height=\"200\" width=\"250\" data-src-fg=\"https:\/\/ser.letras.up.pt\/uec\/wp-content\/uploads\/2021\/10\/Post_instagram_Frances_2023.jpg\" src=\"data:image\/svg+xml,%3Csvg%20xmlns%3D%22http%3A%2F%2Fwww.w3.org%2F2000%2Fsvg%22%20width%3D%22250%22%20height%3D%22200%22%20viewBox%3D%220%200%20250%20200%22%3E%3C%2Fsvg%3E\" loading=\"eager\"><\/span><span class=\"fg-image-overlay\"><\/span><\/a><\/figure><div class=\"fg-loader\"><\/div><\/div><div class=\"fg-item fg-type-iframe fg-idle\"><figure class=\"fg-item-inner\"><a href=\"https:\/\/ser.letras.up.pt\/uec\/ingles-2\/\" target=\"_blank\" data-attachment-id=\"2515\" class=\"foogallery-thumb fg-thumb\" data-type=\"iframe\"><span class=\"fg-image-wrap\"><img decoding=\"async\" class=\"bf-img skip-lazy fg-image\" height=\"200\" width=\"250\" data-src-fg=\"https:\/\/ser.letras.up.pt\/uec\/wp-content\/uploads\/2021\/10\/Post_instagram_Ingles_2023.jpg\" src=\"data:image\/svg+xml,%3Csvg%20xmlns%3D%22http%3A%2F%2Fwww.w3.org%2F2000%2Fsvg%22%20width%3D%22250%22%20height%3D%22200%22%20viewBox%3D%220%200%20250%20200%22%3E%3C%2Fsvg%3E\" loading=\"eager\"><\/span><span class=\"fg-image-overlay\"><\/span><\/a><\/figure><div class=\"fg-loader\"><\/div><\/div><div class=\"fg-item fg-type-iframe fg-idle\"><figure class=\"fg-item-inner\"><a href=\"https:\/\/ser.letras.up.pt\/uec\/mirandes\/\" target=\"_blank\" data-attachment-id=\"2656\" class=\"foogallery-thumb fg-thumb\" data-type=\"iframe\"><span class=\"fg-image-wrap\"><img decoding=\"async\" class=\"bf-img skip-lazy fg-image\" height=\"200\" width=\"250\" data-src-fg=\"https:\/\/ser.letras.up.pt\/uec\/wp-content\/uploads\/2023\/06\/Post_instagram_Mirandes_2023.jpg\" src=\"data:image\/svg+xml,%3Csvg%20xmlns%3D%22http%3A%2F%2Fwww.w3.org%2F2000%2Fsvg%22%20width%3D%22250%22%20height%3D%22200%22%20viewBox%3D%220%200%20250%20200%22%3E%3C%2Fsvg%3E\" loading=\"eager\"><\/span><span class=\"fg-image-overlay\"><\/span><\/a><\/figure><div class=\"fg-loader\"><\/div><\/div><div class=\"fg-item fg-type-iframe fg-idle\"><figure class=\"fg-item-inner\"><a href=\"https:\/\/ser.letras.up.pt\/uec\/turco\/\" target=\"_blank\" data-attachment-id=\"2510\" class=\"foogallery-thumb fg-thumb\" data-type=\"iframe\"><span class=\"fg-image-wrap\"><img decoding=\"async\" class=\"bf-img skip-lazy fg-image\" height=\"200\" width=\"250\" data-src-fg=\"https:\/\/ser.letras.up.pt\/uec\/wp-content\/uploads\/2021\/10\/Post_instagram_Turco_2023-1.jpg\" src=\"data:image\/svg+xml,%3Csvg%20xmlns%3D%22http%3A%2F%2Fwww.w3.org%2F2000%2Fsvg%22%20width%3D%22250%22%20height%3D%22200%22%20viewBox%3D%220%200%20250%20200%22%3E%3C%2Fsvg%3E\" loading=\"eager\"><\/span><span class=\"fg-image-overlay\"><\/span><\/a><\/figure><div class=\"fg-loader\"><\/div><\/div><\/div>","protected":false},"excerpt":{"rendered":"<p>Os cursos intensivos t\u00eam uma dura\u00e7\u00e3o normal de 60 horas e podem ocorrer em ambos os semestres, com uma dura\u00e7\u00e3o de um a dois meses, dependendo do n\u00edvel\/l\u00edngua.<\/p>\n","protected":false},"author":10,"featured_media":0,"parent":0,"menu_order":0,"comment_status":"closed","ping_status":"closed","template":"","meta":{"footnotes":""},"class_list":["post-67","page","type-page","status-publish","hentry"],"_links":{"self":[{"href":"https:\/\/ser.letras.up.pt\/uec\/wp-json\/wp\/v2\/pages\/67","targetHints":{"allow":["GET"]}}],"collection":[{"href":"https:\/\/ser.letras.up.pt\/uec\/wp-json\/wp\/v2\/pages"}],"about":[{"href":"https:\/\/ser.letras.up.pt\/uec\/wp-json\/wp\/v2\/types\/page"}],"author":[{"embeddable":true,"href":"https:\/\/ser.letras.up.pt\/uec\/wp-json\/wp\/v2\/users\/10"}],"replies":[{"embeddable":true,"href":"https:\/\/ser.letras.up.pt\/uec\/wp-json\/wp\/v2\/comments?post=67"}],"version-history":[{"count":18,"href":"https:\/\/ser.letras.up.pt\/uec\/wp-json\/wp\/v2\/pages\/67\/revisions"}],"predecessor-version":[{"id":2996,"href":"https:\/\/ser.letras.up.pt\/uec\/wp-json\/wp\/v2\/pages\/67\/revisions\/2996"}],"wp:attachment":[{"href":"https:\/\/ser.letras.up.pt\/uec\/wp-json\/wp\/v2\/media?parent=67"}],"curies":[{"name":"wp","href":"https:\/\/api.w.org\/{rel}","templated":true}]}}