{"id":66,"date":"2020-09-08T09:29:04","date_gmt":"2020-09-08T09:29:04","guid":{"rendered":"https:\/\/ser.letras.up.pt\/uec\/?page_id=66"},"modified":"2024-06-07T11:40:52","modified_gmt":"2024-06-07T10:40:52","slug":"anuais","status":"publish","type":"page","link":"https:\/\/ser.letras.up.pt\/uec\/anuais\/","title":{"rendered":""},"content":{"rendered":"\n<div class=\"wp-block-image\"><figure class=\"aligncenter size-large\"><img loading=\"lazy\" decoding=\"async\" width=\"1024\" height=\"273\" src=\"https:\/\/ser.letras.up.pt\/uec\/wp-content\/uploads\/2022\/03\/separadores-2022-15-1-1024x273.png\" alt=\"\" class=\"wp-image-1745\" srcset=\"https:\/\/ser.letras.up.pt\/uec\/wp-content\/uploads\/2022\/03\/separadores-2022-15-1-1024x273.png 1024w, https:\/\/ser.letras.up.pt\/uec\/wp-content\/uploads\/2022\/03\/separadores-2022-15-1-300x80.png 300w, https:\/\/ser.letras.up.pt\/uec\/wp-content\/uploads\/2022\/03\/separadores-2022-15-1-768x205.png 768w, https:\/\/ser.letras.up.pt\/uec\/wp-content\/uploads\/2022\/03\/separadores-2022-15-1.png 1200w\" sizes=\"auto, (max-width: 1024px) 100vw, 1024px\" \/><\/figure><\/div>\n\n\n\n<p class=\"has-text-align-left has-normal-font-size\"><br>Os cursos anuais t\u00eam uma dura\u00e7\u00e3o de um ano letivo e contam com 60 a 120 horas, dependendo da l\u00edngua. <\/p>\n\n\n\n<p class=\"has-text-align-left has-normal-font-size\">Normalmente, t\u00eam in\u00edcio em outubro e prolongam-se at\u00e9 junho\/julho.<\/p>\n\n\n\n<p class=\"has-text-align-right\" style=\"font-size:15px\"><em>*Para os cursos de Alem\u00e3o, Franc\u00eas e Ingl\u00eas est\u00e3o previstas <a rel=\"noreferrer noopener\" href=\"https:\/\/sigarra.up.pt\/flup\/pt\/web_base.gera_pagina?P_pagina=2418\" target=\"_blank\">provas de diagn\u00f3stico<\/a> para aferi\u00e7\u00e3o do n\u00edvel d<\/em>e l\u00edngua.<\/p>\n\n\n<style type=\"text\/css\">\n#foogallery-gallery-599.fg-simple_portfolio { justify-content: center; --fg-gutter: 40px; }\n#foogallery-gallery-599.fg-simple_portfolio .fg-item { flex-basis: 250px; }<\/style>\n\t\t\t<div class=\"foogallery foogallery-container foogallery-simple_portfolio foogallery-lightbox-none fg-simple_portfolio fg-ready fg-transparent fg-border-thin fg-shadow-outline fg-loading-pulse fg-loaded-fade-in fg-hover-zoomed fg-caption-always fg-hover-fade fg-hover-external fg-light-overlays fg-caption-always\" id=\"foogallery-gallery-599\" data-foogallery=\"{&quot;item&quot;:{&quot;showCaptionTitle&quot;:false,&quot;showCaptionDescription&quot;:false},&quot;lazy&quot;:true}\" style=\"--fg-title-line-clamp: 0; --fg-description-line-clamp: 0;\" >\n\t<div class=\"fg-item fg-type-iframe fg-idle\"><figure class=\"fg-item-inner\"><a href=\"https:\/\/ser.letras.up.pt\/uec\/alemao\/\" target=\"_blank\" data-attachment-id=\"2516\" class=\"foogallery-thumb fg-thumb\" data-type=\"iframe\"><span class=\"fg-image-wrap\"><img fetchpriority=\"high\" decoding=\"async\" class=\"bf-img skip-lazy fg-image\" height=\"200\" width=\"250\" data-src-fg=\"https:\/\/ser.letras.up.pt\/uec\/wp-content\/uploads\/2021\/08\/Post_instagram_Alemao_2023.jpg\" src=\"data:image\/svg+xml,%3Csvg%20xmlns%3D%22http%3A%2F%2Fwww.w3.org%2F2000%2Fsvg%22%20width%3D%22250%22%20height%3D%22200%22%20viewBox%3D%220%200%20250%20200%22%3E%3C%2Fsvg%3E\" loading=\"eager\"><\/span><span class=\"fg-image-overlay\"><\/span><\/a><\/figure><div class=\"fg-loader\"><\/div><\/div><div class=\"fg-item fg-type-iframe fg-idle\"><figure class=\"fg-item-inner\"><a href=\"https:\/\/ser.letras.up.pt\/uec\/arabe\/\" target=\"_blank\" data-attachment-id=\"2517\" class=\"foogallery-thumb fg-thumb\" data-type=\"iframe\"><span class=\"fg-image-wrap\"><img decoding=\"async\" class=\"bf-img skip-lazy fg-image\" height=\"200\" width=\"250\" data-src-fg=\"https:\/\/ser.letras.up.pt\/uec\/wp-content\/uploads\/2021\/08\/Post_instagram_Arabe_2023.jpg\" src=\"data:image\/svg+xml,%3Csvg%20xmlns%3D%22http%3A%2F%2Fwww.w3.org%2F2000%2Fsvg%22%20width%3D%22250%22%20height%3D%22200%22%20viewBox%3D%220%200%20250%20200%22%3E%3C%2Fsvg%3E\" loading=\"eager\"><\/span><span class=\"fg-image-overlay\"><\/span><\/a><\/figure><div class=\"fg-loader\"><\/div><\/div><div class=\"fg-item fg-type-iframe fg-idle\"><figure class=\"fg-item-inner\"><a href=\"https:\/\/ser.letras.up.pt\/uec\/chines\/\" target=\"_blank\" data-attachment-id=\"2518\" class=\"foogallery-thumb fg-thumb\" data-type=\"iframe\"><span class=\"fg-image-wrap\"><img decoding=\"async\" class=\"bf-img skip-lazy fg-image\" height=\"200\" width=\"250\" data-src-fg=\"https:\/\/ser.letras.up.pt\/uec\/wp-content\/uploads\/2021\/08\/Post_instagram_Chines_2023.jpg\" src=\"data:image\/svg+xml,%3Csvg%20xmlns%3D%22http%3A%2F%2Fwww.w3.org%2F2000%2Fsvg%22%20width%3D%22250%22%20height%3D%22200%22%20viewBox%3D%220%200%20250%20200%22%3E%3C%2Fsvg%3E\" loading=\"eager\"><\/span><span class=\"fg-image-overlay\"><\/span><\/a><\/figure><div class=\"fg-loader\"><\/div><\/div><div class=\"fg-item fg-type-iframe fg-idle\"><figure class=\"fg-item-inner\"><a href=\"https:\/\/ser.letras.up.pt\/uec\/frances\/\" target=\"_blank\" data-attachment-id=\"2519\" class=\"foogallery-thumb fg-thumb\" data-type=\"iframe\"><span class=\"fg-image-wrap\"><img decoding=\"async\" class=\"bf-img skip-lazy fg-image\" height=\"200\" width=\"250\" data-src-fg=\"https:\/\/ser.letras.up.pt\/uec\/wp-content\/uploads\/2021\/08\/Post_instagram_Frances_2023.jpg\" src=\"data:image\/svg+xml,%3Csvg%20xmlns%3D%22http%3A%2F%2Fwww.w3.org%2F2000%2Fsvg%22%20width%3D%22250%22%20height%3D%22200%22%20viewBox%3D%220%200%20250%20200%22%3E%3C%2Fsvg%3E\" loading=\"eager\"><\/span><span class=\"fg-image-overlay\"><\/span><\/a><\/figure><div class=\"fg-loader\"><\/div><\/div><div class=\"fg-item fg-type-iframe fg-idle\"><figure class=\"fg-item-inner\"><a href=\"https:\/\/ser.letras.up.pt\/uec\/ingles\/\" target=\"_blank\" data-attachment-id=\"2521\" class=\"foogallery-thumb fg-thumb\" data-type=\"iframe\"><span class=\"fg-image-wrap\"><img decoding=\"async\" class=\"bf-img skip-lazy fg-image\" height=\"200\" width=\"250\" data-src-fg=\"https:\/\/ser.letras.up.pt\/uec\/wp-content\/uploads\/2021\/08\/Post_instagram_Ingles_2023.jpg\" src=\"data:image\/svg+xml,%3Csvg%20xmlns%3D%22http%3A%2F%2Fwww.w3.org%2F2000%2Fsvg%22%20width%3D%22250%22%20height%3D%22200%22%20viewBox%3D%220%200%20250%20200%22%3E%3C%2Fsvg%3E\" loading=\"eager\"><\/span><span class=\"fg-image-overlay\"><\/span><\/a><\/figure><div class=\"fg-loader\"><\/div><\/div><div class=\"fg-item fg-type-iframe fg-idle\"><figure class=\"fg-item-inner\"><a href=\"https:\/\/ser.letras.up.pt\/uec\/italiano\/\" target=\"_blank\" data-attachment-id=\"2522\" class=\"foogallery-thumb fg-thumb\" data-type=\"iframe\"><span class=\"fg-image-wrap\"><img decoding=\"async\" class=\"bf-img skip-lazy fg-image\" height=\"200\" width=\"250\" data-src-fg=\"https:\/\/ser.letras.up.pt\/uec\/wp-content\/uploads\/2021\/08\/Post_instagram_Italiano_2023.jpg\" src=\"data:image\/svg+xml,%3Csvg%20xmlns%3D%22http%3A%2F%2Fwww.w3.org%2F2000%2Fsvg%22%20width%3D%22250%22%20height%3D%22200%22%20viewBox%3D%220%200%20250%20200%22%3E%3C%2Fsvg%3E\" loading=\"eager\"><\/span><span class=\"fg-image-overlay\"><\/span><\/a><\/figure><div class=\"fg-loader\"><\/div><\/div><div class=\"fg-item fg-type-iframe fg-idle\"><figure class=\"fg-item-inner\"><a href=\"https:\/\/ser.letras.up.pt\/uec\/japones\/\" target=\"_blank\" data-attachment-id=\"2523\" class=\"foogallery-thumb fg-thumb\" data-type=\"iframe\"><span class=\"fg-image-wrap\"><img decoding=\"async\" class=\"bf-img skip-lazy fg-image\" height=\"200\" width=\"250\" data-src-fg=\"https:\/\/ser.letras.up.pt\/uec\/wp-content\/uploads\/2021\/08\/Post_instagram_Japones_2023.jpg\" src=\"data:image\/svg+xml,%3Csvg%20xmlns%3D%22http%3A%2F%2Fwww.w3.org%2F2000%2Fsvg%22%20width%3D%22250%22%20height%3D%22200%22%20viewBox%3D%220%200%20250%20200%22%3E%3C%2Fsvg%3E\" loading=\"eager\"><\/span><span class=\"fg-image-overlay\"><\/span><\/a><\/figure><div class=\"fg-loader\"><\/div><\/div><div class=\"fg-item fg-type-iframe fg-idle\"><figure class=\"fg-item-inner\"><a href=\"https:\/\/ser.letras.up.pt\/uec\/latim\/\" target=\"_blank\" data-attachment-id=\"2524\" class=\"foogallery-thumb fg-thumb\" data-type=\"iframe\"><span class=\"fg-image-wrap\"><img decoding=\"async\" class=\"bf-img skip-lazy fg-image\" height=\"200\" width=\"250\" data-src-fg=\"https:\/\/ser.letras.up.pt\/uec\/wp-content\/uploads\/2021\/08\/Post_instagram_Latim_2023.jpg\" src=\"data:image\/svg+xml,%3Csvg%20xmlns%3D%22http%3A%2F%2Fwww.w3.org%2F2000%2Fsvg%22%20width%3D%22250%22%20height%3D%22200%22%20viewBox%3D%220%200%20250%20200%22%3E%3C%2Fsvg%3E\" loading=\"eager\"><\/span><span class=\"fg-image-overlay\"><\/span><\/a><\/figure><div class=\"fg-loader\"><\/div><\/div><div class=\"fg-item fg-type-iframe fg-idle\"><figure class=\"fg-item-inner\"><a href=\"https:\/\/ser.letras.up.pt\/uec\/polaco\/\" target=\"_blank\" data-attachment-id=\"2525\" class=\"foogallery-thumb fg-thumb\" data-type=\"iframe\"><span class=\"fg-image-wrap\"><img decoding=\"async\" class=\"bf-img skip-lazy fg-image\" height=\"200\" width=\"250\" data-src-fg=\"https:\/\/ser.letras.up.pt\/uec\/wp-content\/uploads\/2021\/08\/Post_instagram_Polaco_2023.jpg\" src=\"data:image\/svg+xml,%3Csvg%20xmlns%3D%22http%3A%2F%2Fwww.w3.org%2F2000%2Fsvg%22%20width%3D%22250%22%20height%3D%22200%22%20viewBox%3D%220%200%20250%20200%22%3E%3C%2Fsvg%3E\" loading=\"eager\"><\/span><span class=\"fg-image-overlay\"><\/span><\/a><\/figure><div class=\"fg-loader\"><\/div><\/div><div class=\"fg-item fg-type-iframe fg-idle\"><figure class=\"fg-item-inner\"><a href=\"https:\/\/ser.letras.up.pt\/uec\/russo\/\" target=\"_blank\" data-attachment-id=\"2526\" class=\"foogallery-thumb fg-thumb\" data-type=\"iframe\"><span class=\"fg-image-wrap\"><img decoding=\"async\" class=\"bf-img skip-lazy fg-image\" height=\"200\" width=\"250\" data-src-fg=\"https:\/\/ser.letras.up.pt\/uec\/wp-content\/uploads\/2021\/08\/Post_instagram_Russo_2023.jpg\" src=\"data:image\/svg+xml,%3Csvg%20xmlns%3D%22http%3A%2F%2Fwww.w3.org%2F2000%2Fsvg%22%20width%3D%22250%22%20height%3D%22200%22%20viewBox%3D%220%200%20250%20200%22%3E%3C%2Fsvg%3E\" loading=\"eager\"><\/span><span class=\"fg-image-overlay\"><\/span><\/a><\/figure><div class=\"fg-loader\"><\/div><\/div><div class=\"fg-item fg-type-iframe fg-idle\"><figure class=\"fg-item-inner\"><a href=\"https:\/\/ser.letras.up.pt\/uec\/ucraniano\/\" target=\"_blank\" data-attachment-id=\"2736\" class=\"foogallery-thumb fg-thumb\" data-type=\"iframe\"><span class=\"fg-image-wrap\"><img decoding=\"async\" class=\"bf-img skip-lazy fg-image\" height=\"200\" width=\"250\" data-src-fg=\"https:\/\/ser.letras.up.pt\/uec\/wp-content\/uploads\/2021\/08\/Post_instagram_Ucraniano_2023.jpg\" src=\"data:image\/svg+xml,%3Csvg%20xmlns%3D%22http%3A%2F%2Fwww.w3.org%2F2000%2Fsvg%22%20width%3D%22250%22%20height%3D%22200%22%20viewBox%3D%220%200%20250%20200%22%3E%3C%2Fsvg%3E\" loading=\"eager\"><\/span><span class=\"fg-image-overlay\"><\/span><\/a><\/figure><div class=\"fg-loader\"><\/div><\/div><\/div>","protected":false},"excerpt":{"rendered":"<p>Os cursos anuais t\u00eam uma dura\u00e7\u00e3o de um ano letivo e contam com 60 a 120 horas, dependendo da l\u00edngua. Normalmente, t\u00eam in\u00edcio em outubro e prolongam-se at\u00e9 junho\/julho. *Para os cursos de Alem\u00e3o, Franc\u00eas e Ingl\u00eas est\u00e3o previstas provas de diagn\u00f3stico para aferi\u00e7\u00e3o do n\u00edvel de l\u00edngua.<\/p>\n","protected":false},"author":10,"featured_media":0,"parent":0,"menu_order":0,"comment_status":"closed","ping_status":"closed","template":"page-templates\/full-width.php","meta":{"footnotes":""},"class_list":["post-66","page","type-page","status-publish","hentry"],"_links":{"self":[{"href":"https:\/\/ser.letras.up.pt\/uec\/wp-json\/wp\/v2\/pages\/66","targetHints":{"allow":["GET"]}}],"collection":[{"href":"https:\/\/ser.letras.up.pt\/uec\/wp-json\/wp\/v2\/pages"}],"about":[{"href":"https:\/\/ser.letras.up.pt\/uec\/wp-json\/wp\/v2\/types\/page"}],"author":[{"embeddable":true,"href":"https:\/\/ser.letras.up.pt\/uec\/wp-json\/wp\/v2\/users\/10"}],"replies":[{"embeddable":true,"href":"https:\/\/ser.letras.up.pt\/uec\/wp-json\/wp\/v2\/comments?post=66"}],"version-history":[{"count":55,"href":"https:\/\/ser.letras.up.pt\/uec\/wp-json\/wp\/v2\/pages\/66\/revisions"}],"predecessor-version":[{"id":2995,"href":"https:\/\/ser.letras.up.pt\/uec\/wp-json\/wp\/v2\/pages\/66\/revisions\/2995"}],"wp:attachment":[{"href":"https:\/\/ser.letras.up.pt\/uec\/wp-json\/wp\/v2\/media?parent=66"}],"curies":[{"name":"wp","href":"https:\/\/api.w.org\/{rel}","templated":true}]}}