{"id":546,"date":"2020-09-11T13:25:23","date_gmt":"2020-09-11T13:25:23","guid":{"rendered":"https:\/\/ser.letras.up.pt\/uec\/?page_id=546"},"modified":"2025-08-06T13:13:13","modified_gmt":"2025-08-06T12:13:13","slug":"faqs","status":"publish","type":"page","link":"https:\/\/ser.letras.up.pt\/uec\/faqs\/","title":{"rendered":"FAQ&#8217;s"},"content":{"rendered":"<div class=\"wp-block-image\">\n<figure class=\"aligncenter size-large\"><img loading=\"lazy\" decoding=\"async\" width=\"1024\" height=\"273\" src=\"https:\/\/ser.letras.up.pt\/uec\/wp-content\/uploads\/2020\/10\/banner-pag-2-1-1024x273.png\" alt=\"\" class=\"wp-image-730\" title=\"\" srcset=\"https:\/\/ser.letras.up.pt\/uec\/wp-content\/uploads\/2020\/10\/banner-pag-2-1-1024x273.png 1024w, https:\/\/ser.letras.up.pt\/uec\/wp-content\/uploads\/2020\/10\/banner-pag-2-1-300x80.png 300w, https:\/\/ser.letras.up.pt\/uec\/wp-content\/uploads\/2020\/10\/banner-pag-2-1-768x205.png 768w, https:\/\/ser.letras.up.pt\/uec\/wp-content\/uploads\/2020\/10\/banner-pag-2-1.png 1418w\" sizes=\"auto, (max-width: 1024px) 100vw, 1024px\" \/><\/figure><\/div>\n\n\n<h5 class=\"wp-block-heading\">O que \u00e9 necess\u00e1rio para me candidatar a um curso de forma\u00e7\u00e3o cont\u00ednua?<\/h5>\n\n\n\n<p>A candidatura \u00e9 submetida online, atrav\u00e9s do portal da Faculdade de Letras da Universidade do Porto, SIGARRA. Em cada curso ser\u00e1 encaminhado(a) para a p\u00e1gina oficial onde pode encontrar &#8220;Candidatura de ingresso&#8221;.<\/p>\n\n\n\n<h5 class=\"wp-block-heading\">H\u00e1 alguma taxa associada \u00e0 candidatura?<\/h5>\n\n\n\n<p>A taxa de candidatura tem um valor fixo de 15\u20ac. Note-se que a candidatura s\u00f3 ser\u00e1 considerada v\u00e1lida ap\u00f3s este pagamento. Assim, este ter\u00e1 de ser realizado at\u00e9 \u00e0 data limite da candidatura ao curso.<\/p>\n\n\n\n<h5 class=\"wp-block-heading\">H\u00e1 algum limite de idade para frequentar os vossos cursos?<\/h5>\n\n\n\n<p>A idade m\u00ednima \u00e9 de 16 anos e n\u00e3o h\u00e1 um limite m\u00e1ximo.<\/p>\n\n\n\n<h5 class=\"wp-block-heading\"><strong>Qual a dura\u00e7\u00e3o dos cursos?<\/strong><\/h5>\n\n\n\n<p>Os cursos de l\u00ednguas podem ser <a rel=\"noreferrer noopener\" href=\"https:\/\/ser.letras.up.pt\/uec\/intensivos\/\" target=\"_blank\">intensivos<\/a>, com uma dura\u00e7\u00e3o de um a dois meses, semestrais, que decorrem ao longo de um semestre (<a rel=\"noreferrer noopener\" href=\"https:\/\/sigarra.up.pt\/flup\/pt\/WEB_BASE.GERA_PAGINA?P_pagina=2419\" target=\"_blank\">PLE<\/a>) e <a rel=\"noreferrer noopener\" href=\"https:\/\/ser.letras.up.pt\/uec\/anuais\/\" target=\"_blank\">anuais<\/a>. Os cursos tem\u00e1ticos tem uma dura\u00e7\u00e3o vari\u00e1vel (consultar a nossa oferta <a rel=\"noreferrer noopener\" href=\"https:\/\/ser.letras.up.pt\/uec\/cursos-tematicos\/\" target=\"_blank\">aqui<\/a>).<\/p>\n\n\n\n<h5 class=\"wp-block-heading\"><strong>H\u00e1 limite de faltas?<\/strong><\/h5>\n\n\n\n<p>Para obter um certificado de frequ\u00eancia, ter\u00e1 de assistir a, pelo menos, 75%  do total de horas da forma\u00e7\u00e3o.<\/p>\n\n\n\n<h5 class=\"wp-block-heading\"><strong>O que \u00e9 a prova de diagn\u00f3stico?<\/strong><\/h5>\n\n\n\n<p>\u00c9 uma prova, realizada online, atrav\u00e9s da plataforma Moodle da Universidade do Porto que permite aferir o n\u00edvel de conhecimento em determinada l\u00edngua. Esta prova est\u00e1 dispon\u00edvel para<strong> Alem\u00e3o<\/strong>, <strong>Franc\u00eas<\/strong> e <strong>Ingl\u00eas<\/strong>. <em>Poder\u00e1 ser necess\u00e1rio gravador \u00e1udio e auscultador.<\/em><\/p>\n\n\n\n<h5 class=\"wp-block-heading\">N\u00e3o tenho a certeza do meu n\u00edvel de l\u00edngua. Como fa\u00e7o para me inscrever na prova?<\/h5>\n\n\n\n<p>Deve clicar <a href=\"https:\/\/sigarra.up.pt\/flup\/pt\/web_base.gera_pagina?P_pagina=2418\" target=\"_blank\" rel=\"noreferrer noopener\">aqui <\/a>e escolher a prova que pretende realizar. Depois de se candidatar deve efetuar o pagamento e receber\u00e1 um e-mail com as instru\u00e7\u00f5es para a realiza\u00e7\u00e3o da prova no Moodle.<\/p>\n\n\n\n<h5 class=\"wp-block-heading\"><strong>Quanto terei de pagar pela prova de diagn\u00f3stico?<\/strong><\/h5>\n\n\n\n<p>30\u20ac, n\u00e3o reembols\u00e1vel e n\u00e3o transit\u00e1vel.<\/p>\n\n\n\n<h5 class=\"wp-block-heading\"><strong>Como fa\u00e7o para aceder ao <em>Moodle<\/em> da UP?<\/strong><\/h5>\n\n\n\n<p>Para entrar no Moodle, deve autenticar-se com o email institucional (ex.: <a href=\"mailto:ple@letras.up.pt\">up2020xxxxx@letras.up.pt<\/a>) e a password que utiliza para se validar na nossa p\u00e1gina.<\/p>\n\n\n\n<h5 class=\"wp-block-heading\"><strong>Como submeto a candidatura?<\/strong><\/h5>\n\n\n\n<p>Depois de saber o n\u00edvel em que ficou colocado, deve aceder \u00e0 p\u00e1gina do respetivo curso onde encontrar\u00e1 a op\u00e7\u00e3o de <em>candidaturas de ingresso<\/em>.<\/p>\n\n\n\n<h5 class=\"wp-block-heading\">Nunca estudei na UP, como posso obter as credenciais de acesso?<\/h5>\n\n\n\n<p>Se \u00e9 a <strong>primeira vez que se candidata a um curso na U.PORTO<\/strong>, ter\u00e1 de solicitar um <em>utilizador tempor\u00e1rio<\/em>, atrav\u00e9s do preenchimento do <a href=\"https:\/\/sigarra.up.pt\/flup\/pt\/UTEMP_GERAL.CRIAR_UTILIZADOR_EDIT\" target=\"_blank\" rel=\"noreferrer noopener\">formul\u00e1rio de pedido de utilizador<br><\/a>O utilizador tempor\u00e1rio \u00e9 apenas v\u00e1lido no ato da candidatura. Para mais informa\u00e7\u00f5es, consultar o <a href=\"https:\/\/sigarra.up.pt\/flup\/pt\/web_base.gera_pagina?P_pagina=18250\">manual de instru\u00e7\u00f5es (utilizador tempor\u00e1rio).<\/a><\/p>\n\n\n\n<h5 class=\"wp-block-heading\">Qual \u00e9 o valor da taxa\/emolumento?<\/h5>\n\n\n\n<p>Os valores variam de acordo com o n.\u00ba de horas do curso. Ver informa\u00e7\u00e3o <a href=\"https:\/\/sigarra.up.pt\/flup\/pt\/web_base.gera_pagina?P_pagina=1012651\" target=\"_blank\" rel=\"noreferrer noopener\">aqui<\/a>.<\/p>\n\n\n\n<h5 class=\"wp-block-heading\">Quem \u00e9 considerado estudante ou ex-estudante da UP?<\/h5>\n\n\n\n<p>Qualquer estudante inscrito num curso conferente de grau ou que tenha conclu\u00eddo um curso de forma\u00e7\u00e3o cont\u00ednua, na Universidade do Porto.<\/p>\n\n\n\n<h5 class=\"wp-block-heading\"><strong>Qual a diferen\u00e7a entre candidatura e matr\u00edcula?<\/strong><\/h5>\n\n\n\n<p>A <span style=\"text-decoration: underline\">candidatura<\/span> expressa a vontade de realizar o curso, sem que fique vinculado \u00e0 FLUP e, por isso, apenas \u00e9 cobrada a taxa da candidatura (e a taxa da prova de diagn\u00f3stico, se tiver sido realizada). A <span style=\"text-decoration: underline\">matr\u00edcula<\/span> obriga ao pagamento da taxa de inscri\u00e7\u00e3o.<\/p>\n\n\n\n<h5 class=\"wp-block-heading\"><strong>Submeti a candidatura mas decidi n\u00e3o frequentar o curso. O que devo fazer, tenho de pagar alguma taxa ou propina?<\/strong><\/h5>\n\n\n\n<p>Deve dar-nos conhecimento da sua decis\u00e3o por <a rel=\"noreferrer noopener\" href=\"mailto:uec@letras.up.pt\" target=\"_blank\"><em>email<\/em><\/a>, e n\u00e3o fica vinculado \u00e0 FLUP por n\u00e3o ter efetuado a matr\u00edcula. Contudo, a taxa de candidatura n\u00e3o \u00e9 reembols\u00e1vel.<\/p>\n\n\n\n<h5 class=\"wp-block-heading\"><strong>Formalizei a candidatura e fui admitido, o que devo fazer agora?<\/strong> <\/h5>\n\n\n\n<p>Sendo admitido ao curso deve efetuar a matr\u00edcula, de acordo com as instru\u00e7\u00f5es que recebe por email.<\/p>\n\n\n\n<h5 class=\"wp-block-heading\"><strong>Como posso efetuar o pagamento?<\/strong><\/h5>\n\n\n\n<p>Se tiver conta banc\u00e1ria em Portugal, pode gerar refer\u00eancias multibanco, atrav\u00e9s da sua conta corrente (s\u00edmbolo que aparece \u00e0 frente do emolumento\/propina); se preferir ou se n\u00e3o tiver conta em Portugal, pode efetuar o pagamento com cart\u00e3o de cr\u00e9dito. <\/p>\n\n\n\n<p>Para prosseguir com o pagamento, deve preencher os campos obrigat\u00f3rios que lhe ser\u00e3o solicitados (morada completa) e clicar no bot\u00e3o \u201cEfetuar pagamento\u201d que abrir\u00e1 uma nova janela, onde pode selecionar o m\u00e9todo de pagamento (MBWay | Refer\u00eancia multibanco | cart\u00e3o banc\u00e1rio [cart\u00e3o de cr\u00e9dito]).<br>Se preferir, poder\u00e1 dirigir-se, pessoalmente, \u00e0 Tesouraria (piso 1), onde poder\u00e1 pagar em numer\u00e1rio, cart\u00e3o de d\u00e9bito ou de cr\u00e9dito (visa e mastercard).<\/p>\n\n\n\n<h5 class=\"wp-block-heading\"><strong>Formalizei a matr\u00edcula mas n\u00e3o poderei frequentar o curso. E agora?<\/strong><\/h5>\n\n\n\n<p>A partir do momento em que formaliza a matr\u00edcula, \u00e9 obrigat\u00f3rio o pagamento do valor do curso, que n\u00e3o \u00e9 reembols\u00e1vel nem transit\u00e1vel para outro curso\/ano letivo.<\/p>\n\n\n\n<h5 class=\"wp-block-heading\"><strong>Frequentei o curso mas reprovei, posso ter algum certificado?<\/strong><\/h5>\n\n\n\n<p>Se obteve frequ\u00eancia (assiduidade a pelo menos, 75% do n.\u00ba total de horas do curso), mas n\u00e3o foi aprovado, pode solicitar a certid\u00e3o de frequ\u00eancia, atrav\u00e9s da sua p\u00e1gina de estudante.<\/p>\n\n\n\n<h5 class=\"wp-block-heading\"><strong>O que consta no certificado de frequ\u00eancia?<\/strong><\/h5>\n\n\n\n<p>No certificado de frequ\u00eancia consta que frequentou com assiduidade o curso, com a respetiva designa\u00e7\u00e3o e n.\u00ba de horas do curso.<\/p>\n\n\n\n<h5 class=\"wp-block-heading\"><strong>Terminei o curso com sucesso. Como posso obter o certificado?<\/strong><\/h5>\n\n\n\n<p>Se obteve aprova\u00e7\u00e3o, isto \u00e9, classifica\u00e7\u00e3o igual ou superior a 10 valores, pode solicitar a certid\u00e3o de curso, atrav\u00e9s da sua p\u00e1gina de estudante.<\/p>\n\n\n\n<h5 class=\"wp-block-heading\"><strong>O que consta no certificado de curso?<\/strong><\/h5>\n\n\n\n<p>No certificado de curso consta que foi aprovado no curso, com a respetiva designa\u00e7\u00e3o, classifica\u00e7\u00e3o obtida, n.\u00ba de horas e n.\u00ba de cr\u00e9ditos ECTS (caso de aplique).<\/p>\n\n\n\n<h5 class=\"wp-block-heading\"><strong>Sou estudante de um <span style=\"text-decoration: underline\">Curso de Especializa\u00e7\u00e3o<\/span>. Posso usufruir o estatuto de Trabalhador-estudante?<\/strong><\/h5>\n\n\n\n<p>Sim, este estatuto aplica-se aos estudantes que frequentam cursos de n\u00edvel p\u00f3s-graduado (especializa\u00e7\u00e3o). Para tal, devem enviar para <a rel=\"noreferrer noopener\" href=\"mailto:uec@letras.up.pt\" target=\"_blank\">uec@letras.up.pt<\/a> os documentos que comprovam a situa\u00e7\u00e3o, conforme a informa\u00e7\u00e3o que se encontra dispon\u00edvel em <a rel=\"noreferrer noopener\" href=\"https:\/\/sigarra.up.pt\/flup\/pt\/web_base.gera_pagina?p_pagina=ESTATUTOS_ESPECIAIS#TrabalhadorEstudante\" target=\"_blank\">https:\/\/sigarra.up.pt\/flup\/pt\/web_base.gera_pagina?p_pagina=ESTATUTOS_ESPECIAIS#TrabalhadorEstudante<\/a>.<\/p>\n\n\n\n<h5 class=\"wp-block-heading\"><strong>Sou estudante de um <span style=\"text-decoration: underline\">Curso de Especializa\u00e7\u00e3o<\/span>. Posso usufruir o estatuto de Pai e M\u00e3e estudante?<\/strong><\/h5>\n\n\n\n<p>Sim, este estatuto aplica-se aos estudantes que frequentam cursos de n\u00edvel p\u00f3s-graduado (especializa\u00e7\u00e3o). Para tal, deve submeter um requerimento on-line (de exposi\u00e7\u00e3o ao Diretor) , anexando os documentos que comprovam a situa\u00e7\u00e3o, conforme a informa\u00e7\u00e3o que se encontra dispon\u00edvel em <a rel=\"noreferrer noopener\" href=\"https:\/\/sigarra.up.pt\/flup\/pt\/web_base.gera_pagina?p_pagina=ESTATUTOS_ESPECIAIS#PaiMae\" target=\"_blank\">https:\/\/sigarra.up.pt\/flup\/pt\/web_base.gera_pagina?p_pagina=ESTATUTOS_ESPECIAIS#PaiMae<\/a>.<a rel=\"noreferrer noopener\" href=\"https:\/\/sigarra.up.pt\/flup\/pt\/web_base.gera_pagina?p_pagina=ESTATUTOS_ESPECIAIS#PaiMae\" target=\"_blank\"> <\/a><\/p>\n\n\n\n<h5 class=\"wp-block-heading\"><strong>Sou estudante de um <span style=\"text-decoration: underline\">Curso de Especializa\u00e7\u00e3o<\/span>. Posso ter acesso \u00e0 \u00e9poca especial de setembro?<\/strong><\/h5>\n\n\n\n<p>Sim, de acordo com o n.\u00ba 1 do art.\u00ba 11.\u00ba do Regulamento de Educa\u00e7\u00e3o Cont\u00ednua \u00ab<em><u>a avalia\u00e7\u00e3o<\/u> de conhecimentos nos cursos\/forma\u00e7\u00f5es n\u00e3o conferentes de grau <u>dever\u00e1 respeitar as normas e regulamentos gerais sobre avalia\u00e7\u00e3o vigente na U.Porto, com as necess\u00e1rias adapta\u00e7\u00f5es<\/u><\/em>\u00bb (sublinhados nossos). Ora, nesse sentido, aplicar-se-\u00e1 aos cursos de especializa\u00e7\u00e3o as normas previstas no Regulamento Geral para Avalia\u00e7\u00e3o dos discentes de primeiros ciclos, de ciclos de estudos integrados de mestrado e de segundos ciclos da Universidade do Porto, com as necess\u00e1rias adapta\u00e7\u00f5es. <strong>Isto quer dizer que se aplicam aos cursos de especializa\u00e7\u00e3o todas as normas previstas neste regulamento<\/strong>, com <strong><u>exce\u00e7\u00e3o do direito a<\/u><\/strong> <strong>melhoria de nota<\/strong>, que se encontra <span style=\"text-decoration: underline\">expressamente vedado a cursos\/forma\u00e7\u00f5es na \u00e1rea da educa\u00e7\u00e3o cont\u00ednua (ver n.\u00ba 2 do art.\u00ba 11.\u00ba do Regulamento de Educa\u00e7\u00e3o Cont\u00ednua)<\/span>. Mais informa\u00e7\u00f5es em &#8211; <a href=\"https:\/\/sigarra.up.pt\/flup\/pt\/web_base.gera_pagina?p_pagina=EPOCAS_EXAME\" target=\"_blank\" rel=\"noreferrer noopener\">https:\/\/sigarra.up.pt\/flup\/pt\/web_base.gera_pagina?p_pagina=EPOCAS_EXAME<\/a>.<a rel=\"noreferrer noopener\" href=\"https:\/\/sigarra.up.pt\/flup\/pt\/web_base.gera_pagina?p_pagina=ESTATUTOS_ESPECIAIS#PaiMae\" target=\"_blank\"> <\/a><\/p>\n\n\n\n<p><\/p>\n","protected":false},"excerpt":{"rendered":"<p>O que \u00e9 necess\u00e1rio para me candidatar a um curso de forma\u00e7\u00e3o cont\u00ednua? A candidatura \u00e9 submetida online, atrav\u00e9s do portal da Faculdade de Letras da Universidade do Porto, SIGARRA. Em cada curso ser\u00e1 encaminhado(a) para a p\u00e1gina oficial onde pode encontrar &#8220;Candidatura de ingresso&#8221;. H\u00e1 alguma taxa associada \u00e0 candidatura? A taxa de candidatura &hellip; <a href=\"https:\/\/ser.letras.up.pt\/uec\/faqs\/\" class=\"more-link\">Continue reading <span class=\"screen-reader-text\">FAQ&#8217;s<\/span> <span class=\"meta-nav\">&rarr;<\/span><\/a><\/p>\n","protected":false},"author":10,"featured_media":0,"parent":0,"menu_order":0,"comment_status":"closed","ping_status":"closed","template":"","meta":{"footnotes":""},"class_list":["post-546","page","type-page","status-publish","hentry"],"_links":{"self":[{"href":"https:\/\/ser.letras.up.pt\/uec\/wp-json\/wp\/v2\/pages\/546","targetHints":{"allow":["GET"]}}],"collection":[{"href":"https:\/\/ser.letras.up.pt\/uec\/wp-json\/wp\/v2\/pages"}],"about":[{"href":"https:\/\/ser.letras.up.pt\/uec\/wp-json\/wp\/v2\/types\/page"}],"author":[{"embeddable":true,"href":"https:\/\/ser.letras.up.pt\/uec\/wp-json\/wp\/v2\/users\/10"}],"replies":[{"embeddable":true,"href":"https:\/\/ser.letras.up.pt\/uec\/wp-json\/wp\/v2\/comments?post=546"}],"version-history":[{"count":17,"href":"https:\/\/ser.letras.up.pt\/uec\/wp-json\/wp\/v2\/pages\/546\/revisions"}],"predecessor-version":[{"id":3554,"href":"https:\/\/ser.letras.up.pt\/uec\/wp-json\/wp\/v2\/pages\/546\/revisions\/3554"}],"wp:attachment":[{"href":"https:\/\/ser.letras.up.pt\/uec\/wp-json\/wp\/v2\/media?parent=546"}],"curies":[{"name":"wp","href":"https:\/\/api.w.org\/{rel}","templated":true}]}}