{"id":2280,"date":"2022-11-14T12:11:51","date_gmt":"2022-11-14T12:11:51","guid":{"rendered":"https:\/\/ser.letras.up.pt\/uec\/?page_id=2280"},"modified":"2025-03-19T15:15:21","modified_gmt":"2025-03-19T15:15:21","slug":"prr-plano-de-recuperacao-e-resiliencia-2o-semestre","status":"publish","type":"page","link":"https:\/\/ser.letras.up.pt\/uec\/prr-plano-de-recuperacao-e-resiliencia-2o-semestre\/","title":{"rendered":"PRR &#8211; Plano de Recupera\u00e7\u00e3o e Resili\u00eancia &#8211; 2\u00ba semestre"},"content":{"rendered":"<style type=\"text\/css\">\n#foogallery-gallery-2278.fg-simple_portfolio { justify-content: center; --fg-gutter: 40px; }\n#foogallery-gallery-2278.fg-simple_portfolio .fg-item { flex-basis: 200px; }<\/style>\n\t\t\t<div class=\"foogallery foogallery-container foogallery-simple_portfolio foogallery-lightbox-none fg-simple_portfolio fg-ready fg-transparent fg-border-thin fg-shadow-large fg-shadow-inset-large fg-loading-pulse fg-loaded-fade-in fg-hover-zoomed fg-caption-always fg-hover-fade fg-hover-external fg-light-overlays fg-caption-always\" id=\"foogallery-gallery-2278\" data-foogallery=\"{&quot;item&quot;:{&quot;showCaptionTitle&quot;:true,&quot;showCaptionDescription&quot;:true},&quot;lazy&quot;:true}\" style=\"--fg-title-line-clamp: 0; --fg-description-line-clamp: 0;\" >\n\t<div class=\"fg-item fg-type-iframe fg-idle\"><figure class=\"fg-item-inner\"><a href=\"https:\/\/sigarra.up.pt\/flup\/pt\/cur_geral.cur_view?pv_ano_lectivo=2025&amp;pv_origem=CUR&amp;pv_tipo_cur_sigla=UFC&amp;pv_curso_id=37242\" target=\"_blank\" data-caption-desc=\"&lt;span style=&quot;background-color: #ffff00&quot;&gt;3\u00aa edi\u00e7\u00e3o:&lt;\/span&gt;&lt;\/br&gt;\nCalend\u00e1rio: 24.03 a 02.06.26&lt;\/br&gt;\nCandidatura: 02.03 a 15.03.26&lt;\/br&gt;\n&lt;i&gt;Mais info...&lt;\/i&gt;\n#CONSTRUIROFUTURO\" data-attachment-id=\"3701\" class=\"foogallery-thumb fg-thumb\" data-type=\"iframe\"><span class=\"fg-image-wrap\"><img decoding=\"async\" class=\"bf-img skip-lazy fg-image\" height=\"180\" width=\"200\" data-src-fg=\"https:\/\/ser.letras.up.pt\/uec\/wp-content\/uploads\/2020\/11\/Achas-que-ja-sabes-tudo_3a-edicao.jpg\" src=\"data:image\/svg+xml,%3Csvg%20xmlns%3D%22http%3A%2F%2Fwww.w3.org%2F2000%2Fsvg%22%20width%3D%22200%22%20height%3D%22180%22%20viewBox%3D%220%200%20200%20180%22%3E%3C%2Fsvg%3E\" loading=\"eager\"><\/span><span class=\"fg-image-overlay\"><\/span><\/a><figcaption class=\"fg-caption\"><div class=\"fg-caption-inner\"><div class=\"fg-caption-desc\"><span style=\"background-color: #ffff00\">3\u00aa edi\u00e7\u00e3o:<\/span><\/br>\nCalend\u00e1rio: 24.03 a 02.06.26<\/br>\nCandidatura: 02.03 a 15.03.26<\/br>\n<i>Mais info&#8230;<\/i>\n#CONSTRUIROFUTURO<\/div><\/div><\/figcaption><\/figure><div class=\"fg-loader\"><\/div><\/div><div class=\"fg-item fg-type-iframe fg-idle\"><figure class=\"fg-item-inner\"><a href=\"https:\/\/sigarra.up.pt\/flup\/pt\/cur_geral.cur_view?pv_ano_lectivo=2025&amp;pv_origem=CUR&amp;pv_tipo_cur_sigla=UFC&amp;pv_curso_id=37242\" target=\"_blank\" data-caption-desc=\"&lt;span style=&quot;background-color: #ffff00&quot;&gt;4\u00aa edi\u00e7\u00e3o:&lt;\/span&gt;&lt;\/br&gt;\nCalend\u00e1rio: 14.04 a 19.05.26&lt;\/br&gt;\nCandidatura: 17.03 a 30.03.26&lt;\/br&gt;\n&lt;i&gt;Mais info...&lt;\/i&gt;\n#CONSTRUIROFUTURO\" data-attachment-id=\"3713\" class=\"foogallery-thumb fg-thumb\" data-type=\"iframe\"><span class=\"fg-image-wrap\"><img decoding=\"async\" class=\"bf-img skip-lazy fg-image\" height=\"180\" width=\"200\" data-src-fg=\"https:\/\/ser.letras.up.pt\/uec\/wp-content\/uploads\/2020\/11\/Achas-que-ja-sabes-tudo_4a-edicao_adiamento-candidatura.jpg\" src=\"data:image\/svg+xml,%3Csvg%20xmlns%3D%22http%3A%2F%2Fwww.w3.org%2F2000%2Fsvg%22%20width%3D%22200%22%20height%3D%22180%22%20viewBox%3D%220%200%20200%20180%22%3E%3C%2Fsvg%3E\" loading=\"eager\"><\/span><span class=\"fg-image-overlay\"><\/span><\/a><figcaption class=\"fg-caption\"><div class=\"fg-caption-inner\"><div class=\"fg-caption-desc\"><span style=\"background-color: #ffff00\">4\u00aa edi\u00e7\u00e3o:<\/span><\/br>\nCalend\u00e1rio: 14.04 a 19.05.26<\/br>\nCandidatura: 17.03 a 30.03.26<\/br>\n<i>Mais info&#8230;<\/i>\n#CONSTRUIROFUTURO<\/div><\/div><\/figcaption><\/figure><div class=\"fg-loader\"><\/div><\/div><div class=\"fg-item fg-type-iframe fg-idle\"><figure class=\"fg-item-inner\"><a href=\"https:\/\/sigarra.up.pt\/flup\/pt\/cur_geral.cur_view?pv_ano_lectivo=2025&amp;pv_origem=CUR&amp;pv_tipo_cur_sigla=UFC&amp;pv_curso_id=30341\" target=\"_blank\" data-caption-desc=\"Calend\u00e1rio: 20.01 a 03.03.26&lt;\/br&gt;\nCandidatura: at\u00e912.12.25&lt;\/br&gt;\n&lt;i&gt;Mais info...&lt;\/i&gt;\n#CONSTRUIROFUTURO\" data-attachment-id=\"3618\" class=\"foogallery-thumb fg-thumb\" data-type=\"iframe\"><span class=\"fg-image-wrap\"><img decoding=\"async\" class=\"bf-img skip-lazy fg-image\" height=\"180\" width=\"200\" data-src-fg=\"https:\/\/ser.letras.up.pt\/uec\/wp-content\/uploads\/2022\/04\/PRR_cartaz-4x5_Avaliar-em-contextos-digitais-novo-calendario.jpg\" src=\"data:image\/svg+xml,%3Csvg%20xmlns%3D%22http%3A%2F%2Fwww.w3.org%2F2000%2Fsvg%22%20width%3D%22200%22%20height%3D%22180%22%20viewBox%3D%220%200%20200%20180%22%3E%3C%2Fsvg%3E\" loading=\"eager\"><\/span><span class=\"fg-image-overlay\"><\/span><\/a><figcaption class=\"fg-caption\"><div class=\"fg-caption-inner\"><div class=\"fg-caption-desc\">Calend\u00e1rio: 20.01 a 03.03.26<\/br>\nCandidatura: at\u00e912.12.25<\/br>\n<i>Mais info&#8230;<\/i>\n#CONSTRUIROFUTURO<\/div><\/div><\/figcaption><\/figure><div class=\"fg-loader\"><\/div><\/div><div class=\"fg-item fg-type-iframe fg-idle\"><figure class=\"fg-item-inner\"><a href=\"https:\/\/sigarra.up.pt\/flup\/pt\/cur_geral.cur_view?pv_ano_lectivo=2025&amp;pv_origem=CUR&amp;pv_tipo_cur_sigla=UFC&amp;pv_curso_id=30321\" target=\"_blank\" data-caption-desc=\"Calend\u00e1rio: 14.04 a 26.05.26&lt;\/br&gt;\nCandidatura: 10.03 a 30.03.26&lt;\/br&gt;\n&lt;i&gt;Mais info...&lt;\/i&gt;\n#CONSTRUIROFUTURO\" data-attachment-id=\"3707\" class=\"foogallery-thumb fg-thumb\" data-type=\"iframe\"><span class=\"fg-image-wrap\"><img decoding=\"async\" class=\"bf-img skip-lazy fg-image\" height=\"180\" width=\"200\" data-src-fg=\"https:\/\/ser.letras.up.pt\/uec\/wp-content\/uploads\/2020\/11\/PRR_cartaz-4x5_Competencias_digitais.jpg\" src=\"data:image\/svg+xml,%3Csvg%20xmlns%3D%22http%3A%2F%2Fwww.w3.org%2F2000%2Fsvg%22%20width%3D%22200%22%20height%3D%22180%22%20viewBox%3D%220%200%20200%20180%22%3E%3C%2Fsvg%3E\" loading=\"eager\"><\/span><span class=\"fg-image-overlay\"><\/span><\/a><figcaption class=\"fg-caption\"><div class=\"fg-caption-inner\"><div class=\"fg-caption-desc\">Calend\u00e1rio: 14.04 a 26.05.26<\/br>\nCandidatura: 10.03 a 30.03.26<\/br>\n<i>Mais info&#8230;<\/i>\n#CONSTRUIROFUTURO<\/div><\/div><\/figcaption><\/figure><div class=\"fg-loader\"><\/div><\/div><div class=\"fg-item fg-type-iframe fg-idle\"><figure class=\"fg-item-inner\"><a href=\"https:\/\/sigarra.up.pt\/flup\/pt\/cur_geral.cur_view?pv_ano_lectivo=2025&amp;pv_origem=CUR&amp;pv_tipo_cur_sigla=UFC&amp;pv_curso_id=34281\" target=\"_blank\" data-caption-desc=\"&lt;span style=&quot;background-color: #ffff00&quot;&gt;2\u00aa edi\u00e7\u00e3o:&lt;\/span&gt;&lt;\/br&gt;\nCalend\u00e1rio: 25 e 27.03.26&lt;\/br&gt;\nCandidatura: 04.03 a 15.03.26&lt;\/br&gt;\n&lt;i&gt;Mais info...&lt;\/i&gt;\n#CONSTRUIROFUTURO\" data-attachment-id=\"3704\" class=\"foogallery-thumb fg-thumb\" data-type=\"iframe\"><span class=\"fg-image-wrap\"><img decoding=\"async\" class=\"bf-img skip-lazy fg-image\" height=\"180\" width=\"200\" data-src-fg=\"https:\/\/ser.letras.up.pt\/uec\/wp-content\/uploads\/2020\/11\/PRR_cartaz-4x5_Detecao-de-Plagio_2a-edicao.jpg\" src=\"data:image\/svg+xml,%3Csvg%20xmlns%3D%22http%3A%2F%2Fwww.w3.org%2F2000%2Fsvg%22%20width%3D%22200%22%20height%3D%22180%22%20viewBox%3D%220%200%20200%20180%22%3E%3C%2Fsvg%3E\" loading=\"eager\"><\/span><span class=\"fg-image-overlay\"><\/span><\/a><figcaption class=\"fg-caption\"><div class=\"fg-caption-inner\"><div class=\"fg-caption-desc\"><span style=\"background-color: #ffff00\">2\u00aa edi\u00e7\u00e3o:<\/span><\/br>\nCalend\u00e1rio: 25 e 27.03.26<\/br>\nCandidatura: 04.03 a 15.03.26<\/br>\n<i>Mais info&#8230;<\/i>\n#CONSTRUIROFUTURO<\/div><\/div><\/figcaption><\/figure><div class=\"fg-loader\"><\/div><\/div><div class=\"fg-item fg-type-iframe fg-idle\"><figure class=\"fg-item-inner\"><a href=\"https:\/\/sigarra.up.pt\/flup\/pt\/cur_geral.cur_view?pv_ano_lectivo=2025&amp;pv_origem=CUR&amp;pv_tipo_cur_sigla=UFC&amp;pv_curso_id=34281\" target=\"_blank\" data-caption-desc=\"&lt;span style=&quot;background-color: #ffff00&quot;&gt;3\u00aa edi\u00e7\u00e3o:&lt;\/span&gt;&lt;\/br&gt;\nCalend\u00e1rio: 10 e 11.04.26&lt;\/br&gt;\nCandidatura: 16.03 a 30.03.26&lt;\/br&gt;\n&lt;i&gt;Mais info...&lt;\/i&gt;\n#CONSTRUIROFUTURO\" data-attachment-id=\"3709\" class=\"foogallery-thumb fg-thumb\" data-type=\"iframe\"><span class=\"fg-image-wrap\"><img decoding=\"async\" class=\"bf-img skip-lazy fg-image\" height=\"180\" width=\"200\" data-src-fg=\"https:\/\/ser.letras.up.pt\/uec\/wp-content\/uploads\/2020\/11\/PRR_cartaz-4x5_Detecao-de-Plagio_3a-edicao.jpg\" src=\"data:image\/svg+xml,%3Csvg%20xmlns%3D%22http%3A%2F%2Fwww.w3.org%2F2000%2Fsvg%22%20width%3D%22200%22%20height%3D%22180%22%20viewBox%3D%220%200%20200%20180%22%3E%3C%2Fsvg%3E\" loading=\"eager\"><\/span><span class=\"fg-image-overlay\"><\/span><\/a><figcaption class=\"fg-caption\"><div class=\"fg-caption-inner\"><div class=\"fg-caption-desc\"><span style=\"background-color: #ffff00\">3\u00aa edi\u00e7\u00e3o:<\/span><\/br>\nCalend\u00e1rio: 10 e 11.04.26<\/br>\nCandidatura: 16.03 a 30.03.26<\/br>\n<i>Mais info&#8230;<\/i>\n#CONSTRUIROFUTURO<\/div><\/div><\/figcaption><\/figure><div class=\"fg-loader\"><\/div><\/div><div class=\"fg-item fg-type-image fg-idle\"><figure class=\"fg-item-inner\"><a href=\"https:\/\/ser.letras.up.pt\/uec\/wp-content\/uploads\/2025\/07\/PRR_cartaz-4x5_Detecao-de-Plagio_4a-edicao_adiada.jpg\" data-caption-desc=\"&lt;span style=&quot;background-color: #ffff00&quot;&gt;4\u00aa edi\u00e7\u00e3o:&lt;\/span&gt;&lt;\/br&gt;\nCalend\u00e1rio: 15 e 16.05.2026&lt;\/br&gt;\nCandidatura: 09.04 a 04.05.26&lt;\/br&gt;\n&lt;i&gt;Mais info...&lt;\/i&gt;\n#CONSTRUIROFUTURO\" data-attachment-id=\"3746\" class=\"foogallery-thumb fg-thumb\" data-type=\"image\"><span class=\"fg-image-wrap\"><img decoding=\"async\" class=\"bf-img skip-lazy fg-image\" height=\"180\" width=\"200\" data-src-fg=\"https:\/\/ser.letras.up.pt\/uec\/wp-content\/uploads\/2025\/07\/PRR_cartaz-4x5_Detecao-de-Plagio_4a-edicao_adiada.jpg\" src=\"data:image\/svg+xml,%3Csvg%20xmlns%3D%22http%3A%2F%2Fwww.w3.org%2F2000%2Fsvg%22%20width%3D%22200%22%20height%3D%22180%22%20viewBox%3D%220%200%20200%20180%22%3E%3C%2Fsvg%3E\" loading=\"eager\"><\/span><span class=\"fg-image-overlay\"><\/span><\/a><figcaption class=\"fg-caption\"><div class=\"fg-caption-inner\"><div class=\"fg-caption-desc\"><span style=\"background-color: #ffff00\">4\u00aa edi\u00e7\u00e3o:<\/span><\/br>\nCalend\u00e1rio: 15 e 16.05.2026<\/br>\nCandidatura: 09.04 a 04.05.26<\/br>\n<i>Mais info&#8230;<\/i>\n#CONSTRUIROFUTURO<\/div><\/div><\/figcaption><\/figure><div class=\"fg-loader\"><\/div><\/div><div class=\"fg-item fg-type-iframe fg-idle\"><figure class=\"fg-item-inner\"><a href=\"https:\/\/sigarra.up.pt\/flup\/pt\/cur_geral.cur_view?pv_ano_lectivo=2025&amp;pv_origem=CUR&amp;pv_tipo_cur_sigla=UFC&amp;pv_curso_id=23761\" target=\"_blank\" data-caption-desc=\"&lt;span style=&quot;background-color: #ffff00&quot;&gt;3\u00aa edi\u00e7\u00e3o:&lt;\/span&gt;&lt;\/br&gt;\r\nCalend\u00e1rio: 16.03 a 25.05.26&lt;\/br&gt;\r\nCandidatura: 19.01 a 08.03.26&lt;\/br&gt;\r\n&lt;i&gt;Mais info...&lt;\/i&gt;\r\n#CONSTRUIROFUTURO\" data-attachment-id=\"3681\" class=\"foogallery-thumb fg-thumb\" data-type=\"iframe\"><span class=\"fg-image-wrap\"><img decoding=\"async\" class=\"bf-img skip-lazy fg-image\" height=\"180\" width=\"200\" data-src-fg=\"https:\/\/ser.letras.up.pt\/uec\/wp-content\/uploads\/2025\/04\/PRR_cartaz-4x5_DARIG_3a-edicao_adiada.jpg\" src=\"data:image\/svg+xml,%3Csvg%20xmlns%3D%22http%3A%2F%2Fwww.w3.org%2F2000%2Fsvg%22%20width%3D%22200%22%20height%3D%22180%22%20viewBox%3D%220%200%20200%20180%22%3E%3C%2Fsvg%3E\" loading=\"eager\"><\/span><span class=\"fg-image-overlay\"><\/span><\/a><figcaption class=\"fg-caption\"><div class=\"fg-caption-inner\"><div class=\"fg-caption-desc\"><span style=\"background-color: #ffff00\">3\u00aa edi\u00e7\u00e3o:<\/span><\/br>\r\nCalend\u00e1rio: 16.03 a 25.05.26<\/br>\r\nCandidatura: 19.01 a 08.03.26<\/br>\r\n<i>Mais info&#8230;<\/i>\r\n#CONSTRUIROFUTURO<\/div><\/div><\/figcaption><\/figure><div class=\"fg-loader\"><\/div><\/div><div class=\"fg-item fg-type-iframe fg-idle\"><figure class=\"fg-item-inner\"><a href=\"https:\/\/sigarra.up.pt\/flup\/pt\/cur_geral.cur_view?pv_ano_lectivo=2025&amp;pv_origem=CUR&amp;pv_tipo_cur_sigla=UFC&amp;pv_curso_id=34301\" target=\"_blank\" data-caption-desc=\"&lt;span style=&quot;background-color: #ffff00&quot;&gt;\n2\u00aa edi\u00e7\u00e3o&lt;\/span&gt;&lt;br&gt;\nCalend\u00e1rio: 04 a 06.05.26&lt;\/br&gt;\nCandidatura: 26.03 a 26.04.26&lt;\/br&gt;\n&lt;i&gt;Mais info...&lt;\/i&gt;\n#CONSTRUIROFUTURO\" data-attachment-id=\"3750\" class=\"foogallery-thumb fg-thumb\" data-type=\"iframe\"><span class=\"fg-image-wrap\"><img decoding=\"async\" class=\"bf-img skip-lazy fg-image\" height=\"180\" width=\"200\" data-src-fg=\"https:\/\/ser.letras.up.pt\/uec\/wp-content\/uploads\/2021\/11\/Tecnicas-e-Tecnologias-Audiovisuais-para-Comunicar_2a-ed_adiamento-candidatura.jpg\" src=\"data:image\/svg+xml,%3Csvg%20xmlns%3D%22http%3A%2F%2Fwww.w3.org%2F2000%2Fsvg%22%20width%3D%22200%22%20height%3D%22180%22%20viewBox%3D%220%200%20200%20180%22%3E%3C%2Fsvg%3E\" loading=\"eager\"><\/span><span class=\"fg-image-overlay\"><\/span><\/a><figcaption class=\"fg-caption\"><div class=\"fg-caption-inner\"><div class=\"fg-caption-desc\"><span style=\"background-color: #ffff00\">\n2\u00aa edi\u00e7\u00e3o<\/span><br>\nCalend\u00e1rio: 04 a 06.05.26<\/br>\nCandidatura: 26.03 a 26.04.26<\/br>\n<i>Mais info&#8230;<\/i>\n#CONSTRUIROFUTURO<\/div><\/div><\/figcaption><\/figure><div class=\"fg-loader\"><\/div><\/div><div class=\"fg-item fg-type-iframe fg-idle\"><figure class=\"fg-item-inner\"><a href=\"https:\/\/sigarra.up.pt\/flup\/pt\/cur_geral.cur_view?pv_ano_lectivo=2025&amp;pv_origem=CUR&amp;pv_tipo_cur_sigla=UFC&amp;pv_curso_id=34001\" target=\"_blank\" data-caption-desc=\"Calend\u00e1rio: 23.01.26&lt;\/br&gt;\nCandidatura: 21.10 a 11.01.26&lt;\/br&gt;\n&lt;i&gt;Mais info...&lt;\/i&gt;&lt;\/br&gt;\n#CONSTRUIROFUTURO\" data-attachment-id=\"3620\" class=\"foogallery-thumb fg-thumb\" data-type=\"iframe\"><span class=\"fg-image-wrap\"><img decoding=\"async\" class=\"bf-img skip-lazy fg-image\" height=\"180\" width=\"200\" data-src-fg=\"https:\/\/ser.letras.up.pt\/uec\/wp-content\/uploads\/2020\/11\/PRR_cartaz-4x5_tratamento-avancado-I.jpg\" src=\"data:image\/svg+xml,%3Csvg%20xmlns%3D%22http%3A%2F%2Fwww.w3.org%2F2000%2Fsvg%22%20width%3D%22200%22%20height%3D%22180%22%20viewBox%3D%220%200%20200%20180%22%3E%3C%2Fsvg%3E\" loading=\"eager\"><\/span><span class=\"fg-image-overlay\"><\/span><\/a><figcaption class=\"fg-caption\"><div class=\"fg-caption-inner\"><div class=\"fg-caption-desc\">Calend\u00e1rio: 23.01.26<\/br>\nCandidatura: 21.10 a 11.01.26<\/br>\n<i>Mais info&#8230;<\/i><\/br>\n#CONSTRUIROFUTURO<\/div><\/div><\/figcaption><\/figure><div class=\"fg-loader\"><\/div><\/div><div class=\"fg-item fg-type-iframe fg-idle\"><figure class=\"fg-item-inner\"><a href=\"https:\/\/sigarra.up.pt\/flup\/pt\/cur_geral.cur_view?pv_ano_lectivo=2025&amp;pv_origem=CUR&amp;pv_tipo_cur_sigla=UFC&amp;pv_curso_id=34001\" target=\"_blank\" data-caption-desc=\"&lt;span style=&quot;background-color: #ffff00&quot;&gt;\r\n2\u00aa edi\u00e7\u00e3o&lt;\/span&gt;&lt;\/br&gt;\r\nCalend\u00e1rio: 15.05.26&lt;\/br&gt;\r\nCandidatura: 27.02 a 04.05.26&lt;\/br&gt;\r\n&lt;i&gt;Mais info...&lt;\/i&gt;\r\n#CONSTRUIROFUTURO\" data-attachment-id=\"3686\" class=\"foogallery-thumb fg-thumb\" data-type=\"iframe\"><span class=\"fg-image-wrap\"><img decoding=\"async\" class=\"bf-img skip-lazy fg-image\" height=\"180\" width=\"200\" data-src-fg=\"https:\/\/ser.letras.up.pt\/uec\/wp-content\/uploads\/2021\/10\/PRR_cartaz-4x5_tratamento-avancado-I_2a-edicao.jpg\" src=\"data:image\/svg+xml,%3Csvg%20xmlns%3D%22http%3A%2F%2Fwww.w3.org%2F2000%2Fsvg%22%20width%3D%22200%22%20height%3D%22180%22%20viewBox%3D%220%200%20200%20180%22%3E%3C%2Fsvg%3E\" loading=\"eager\"><\/span><span class=\"fg-image-overlay\"><\/span><\/a><figcaption class=\"fg-caption\"><div class=\"fg-caption-inner\"><div class=\"fg-caption-desc\"><span style=\"background-color: #ffff00\">\r\n2\u00aa edi\u00e7\u00e3o<\/span><\/br>\r\nCalend\u00e1rio: 15.05.26<\/br>\r\nCandidatura: 27.02 a 04.05.26<\/br>\r\n<i>Mais info&#8230;<\/i>\r\n#CONSTRUIROFUTURO<\/div><\/div><\/figcaption><\/figure><div class=\"fg-loader\"><\/div><\/div><div class=\"fg-item fg-type-iframe fg-idle\"><figure class=\"fg-item-inner\"><a href=\"https:\/\/sigarra.up.pt\/flup\/pt\/cur_geral.cur_view?pv_ano_lectivo=2025&amp;pv_origem=CUR&amp;pv_tipo_cur_sigla=UFC&amp;pv_curso_id=34002\" target=\"_blank\" data-caption-desc=\"Calend\u00e1rio: 12.06.26&lt;\/br&gt;\r\nCandidatura: 27.02 a 01.06.26&lt;\/br&gt;\r\n&lt;i&gt;Mais info...&lt;\/i&gt;\r\n#CONSTRUIROFUTURO\" data-attachment-id=\"3687\" class=\"foogallery-thumb fg-thumb\" data-type=\"iframe\"><span class=\"fg-image-wrap\"><img decoding=\"async\" class=\"bf-img skip-lazy fg-image\" height=\"180\" width=\"200\" data-src-fg=\"https:\/\/ser.letras.up.pt\/uec\/wp-content\/uploads\/2021\/10\/PRR_cartaz-4x5_tratamento-avancado-II.jpg\" src=\"data:image\/svg+xml,%3Csvg%20xmlns%3D%22http%3A%2F%2Fwww.w3.org%2F2000%2Fsvg%22%20width%3D%22200%22%20height%3D%22180%22%20viewBox%3D%220%200%20200%20180%22%3E%3C%2Fsvg%3E\" loading=\"eager\"><\/span><span class=\"fg-image-overlay\"><\/span><\/a><figcaption class=\"fg-caption\"><div class=\"fg-caption-inner\"><div class=\"fg-caption-desc\">Calend\u00e1rio: 12.06.26<\/br>\r\nCandidatura: 27.02 a 01.06.26<\/br>\r\n<i>Mais info&#8230;<\/i>\r\n#CONSTRUIROFUTURO<\/div><\/div><\/figcaption><\/figure><div class=\"fg-loader\"><\/div><\/div><div class=\"fg-item fg-type-iframe fg-idle\"><figure class=\"fg-item-inner\"><a href=\"https:\/\/sigarra.up.pt\/flup\/pt\/cur_geral.cur_view?pv_ano_lectivo=2025&amp;pv_origem=CUR&amp;pv_tipo_cur_sigla=UFC&amp;pv_curso_id=33981\" target=\"_blank\" data-caption-desc=\"Calend\u00e1rio: 27.03.26&lt;\/br&gt;\r\nCandidatura: 27.02 a 16.03.26&lt;\/br&gt;\r\n&lt;i&gt;Mais info...&lt;\/i&gt;\r\n#CONSTRUIROFUTURO\" data-attachment-id=\"3684\" class=\"foogallery-thumb fg-thumb\" data-type=\"iframe\"><span class=\"fg-image-wrap\"><img decoding=\"async\" class=\"bf-img skip-lazy fg-image\" height=\"180\" width=\"200\" data-src-fg=\"https:\/\/ser.letras.up.pt\/uec\/wp-content\/uploads\/2021\/10\/PRR_cartaz-4x5_Intermedio-I.jpg\" src=\"data:image\/svg+xml,%3Csvg%20xmlns%3D%22http%3A%2F%2Fwww.w3.org%2F2000%2Fsvg%22%20width%3D%22200%22%20height%3D%22180%22%20viewBox%3D%220%200%20200%20180%22%3E%3C%2Fsvg%3E\" loading=\"eager\"><\/span><span class=\"fg-image-overlay\"><\/span><\/a><figcaption class=\"fg-caption\"><div class=\"fg-caption-inner\"><div class=\"fg-caption-desc\">Calend\u00e1rio: 27.03.26<\/br>\r\nCandidatura: 27.02 a 16.03.26<\/br>\r\n<i>Mais info&#8230;<\/i>\r\n#CONSTRUIROFUTURO<\/div><\/div><\/figcaption><\/figure><div class=\"fg-loader\"><\/div><\/div><div class=\"fg-item fg-type-iframe fg-idle\"><figure class=\"fg-item-inner\"><a href=\"https:\/\/sigarra.up.pt\/flup\/pt\/cur_geral.cur_view?pv_ano_lectivo=2025&amp;pv_origem=CUR&amp;pv_tipo_cur_sigla=UFC&amp;pv_curso_id=33982\" target=\"_blank\" data-caption-desc=\"&lt;span style=&quot;background-color: #ffff00&quot;&gt;\r\n2\u00aa edi\u00e7\u00e3o&lt;\/span&gt;&lt;\/br&gt;\r\nCalend\u00e1rio: 17.04.26&lt;\/br&gt;\r\nCandidatura: 27.02 a 06.04.26&lt;\/br&gt;\r\n&lt;i&gt;Mais info...&lt;\/i&gt;\r\n#CONSTRUIROFUTURO\" data-attachment-id=\"3685\" class=\"foogallery-thumb fg-thumb\" data-type=\"iframe\"><span class=\"fg-image-wrap\"><img decoding=\"async\" class=\"bf-img skip-lazy fg-image\" height=\"180\" width=\"200\" data-src-fg=\"https:\/\/ser.letras.up.pt\/uec\/wp-content\/uploads\/2021\/10\/PRR_cartaz-4x5-Intermedio-II_2a-edicao.jpg\" src=\"data:image\/svg+xml,%3Csvg%20xmlns%3D%22http%3A%2F%2Fwww.w3.org%2F2000%2Fsvg%22%20width%3D%22200%22%20height%3D%22180%22%20viewBox%3D%220%200%20200%20180%22%3E%3C%2Fsvg%3E\" loading=\"eager\"><\/span><span class=\"fg-image-overlay\"><\/span><\/a><figcaption class=\"fg-caption\"><div class=\"fg-caption-inner\"><div class=\"fg-caption-desc\"><span style=\"background-color: #ffff00\">\r\n2\u00aa edi\u00e7\u00e3o<\/span><\/br>\r\nCalend\u00e1rio: 17.04.26<\/br>\r\nCandidatura: 27.02 a 06.04.26<\/br>\r\n<i>Mais info&#8230;<\/i>\r\n#CONSTRUIROFUTURO<\/div><\/div><\/figcaption><\/figure><div class=\"fg-loader\"><\/div><\/div><\/div>\n\n\n<p><br><\/p>\n\n\n\n<div class=\"wp-block-image\"><figure class=\"aligncenter size-large\"><img loading=\"lazy\" decoding=\"async\" width=\"1024\" height=\"148\" src=\"https:\/\/ser.letras.up.pt\/uec\/wp-content\/uploads\/2024\/06\/BARRA-1-1024x148.png\" alt=\"\" class=\"wp-image-3007\" srcset=\"https:\/\/ser.letras.up.pt\/uec\/wp-content\/uploads\/2024\/06\/BARRA-1-1024x148.png 1024w, https:\/\/ser.letras.up.pt\/uec\/wp-content\/uploads\/2024\/06\/BARRA-1-300x43.png 300w, https:\/\/ser.letras.up.pt\/uec\/wp-content\/uploads\/2024\/06\/BARRA-1-768x111.png 768w, https:\/\/ser.letras.up.pt\/uec\/wp-content\/uploads\/2024\/06\/BARRA-1-1536x222.png 1536w, https:\/\/ser.letras.up.pt\/uec\/wp-content\/uploads\/2024\/06\/BARRA-1-2048x296.png 2048w\" sizes=\"auto, (max-width: 1024px) 100vw, 1024px\" \/><\/figure><\/div>\n\n\n\n<p class=\"has-text-align-right has-green-color has-text-color\"><strong>#Construir o Futuro<\/strong><\/p>\n","protected":false},"excerpt":{"rendered":"<p>#Construir o Futuro<\/p>\n","protected":false},"author":10,"featured_media":0,"parent":0,"menu_order":0,"comment_status":"closed","ping_status":"closed","template":"","meta":{"footnotes":""},"class_list":["post-2280","page","type-page","status-publish","hentry"],"_links":{"self":[{"href":"https:\/\/ser.letras.up.pt\/uec\/wp-json\/wp\/v2\/pages\/2280","targetHints":{"allow":["GET"]}}],"collection":[{"href":"https:\/\/ser.letras.up.pt\/uec\/wp-json\/wp\/v2\/pages"}],"about":[{"href":"https:\/\/ser.letras.up.pt\/uec\/wp-json\/wp\/v2\/types\/page"}],"author":[{"embeddable":true,"href":"https:\/\/ser.letras.up.pt\/uec\/wp-json\/wp\/v2\/users\/10"}],"replies":[{"embeddable":true,"href":"https:\/\/ser.letras.up.pt\/uec\/wp-json\/wp\/v2\/comments?post=2280"}],"version-history":[{"count":6,"href":"https:\/\/ser.letras.up.pt\/uec\/wp-json\/wp\/v2\/pages\/2280\/revisions"}],"predecessor-version":[{"id":3012,"href":"https:\/\/ser.letras.up.pt\/uec\/wp-json\/wp\/v2\/pages\/2280\/revisions\/3012"}],"wp:attachment":[{"href":"https:\/\/ser.letras.up.pt\/uec\/wp-json\/wp\/v2\/media?parent=2280"}],"curies":[{"name":"wp","href":"https:\/\/api.w.org\/{rel}","templated":true}]}}