{"id":185,"date":"2020-09-08T09:29:04","date_gmt":"2020-09-08T09:29:04","guid":{"rendered":"https:\/\/ser.letras.up.pt\/uec\/?page_id=185"},"modified":"2025-07-01T12:46:19","modified_gmt":"2025-07-01T11:46:19","slug":"alemao-2","status":"publish","type":"page","link":"https:\/\/ser.letras.up.pt\/uec\/alemao-2\/","title":{"rendered":"Alem\u00e3o"},"content":{"rendered":"\n<h6 class=\"wp-block-heading\"><strong>Os cursos procuram dar resposta \u00e0 necessidade demonstrada pelo p\u00fablico geral em termos de aprendizagem da l\u00edngua alem\u00e3.<\/strong> <strong>Estes, encontram-se divididos em n\u00edveis, de acordo com o <\/strong><a rel=\"noreferrer noopener\" href=\"https:\/\/sigarra.up.pt\/flup\/pt\/conteudos_service.conteudos_cont?pct_id=571940&amp;pv_cod=42i0aav6NfaF\" target=\"_blank\">QECR<\/a><strong>.<\/strong><\/h6>\n\n\n\n<p><\/p>\n\n\n\n<div class=\"wp-block-group alignwide\"><div class=\"wp-block-group__inner-container is-layout-flow wp-block-group-is-layout-flow\">\n<div class=\"wp-block-media-text alignwide is-stacked-on-mobile\" style=\"grid-template-columns:15% auto\"><figure class=\"wp-block-media-text__media\"><a href=\"https:\/\/sigarra.up.pt\/flup\/pt\/cur_geral.cur_view?pv_ano_lectivo=2025&amp;pv_origem=CUR&amp;pv_tipo_cur_sigla=UFC&amp;pv_curso_id=3181\" target=\"_blank\" rel=\"noopener\"><img loading=\"lazy\" decoding=\"async\" width=\"819\" height=\"1024\" src=\"https:\/\/ser.letras.up.pt\/uec\/wp-content\/uploads\/2025\/07\/UEC-Alemao-A11-intensivo-MJ-Cartazes-4x5-2025-generico-819x1024.jpg\" alt=\"\" class=\"wp-image-3368 size-full\" srcset=\"https:\/\/ser.letras.up.pt\/uec\/wp-content\/uploads\/2025\/07\/UEC-Alemao-A11-intensivo-MJ-Cartazes-4x5-2025-generico-819x1024.jpg 819w, https:\/\/ser.letras.up.pt\/uec\/wp-content\/uploads\/2025\/07\/UEC-Alemao-A11-intensivo-MJ-Cartazes-4x5-2025-generico-240x300.jpg 240w, https:\/\/ser.letras.up.pt\/uec\/wp-content\/uploads\/2025\/07\/UEC-Alemao-A11-intensivo-MJ-Cartazes-4x5-2025-generico-768x960.jpg 768w, https:\/\/ser.letras.up.pt\/uec\/wp-content\/uploads\/2025\/07\/UEC-Alemao-A11-intensivo-MJ-Cartazes-4x5-2025-generico-1229x1536.jpg 1229w, https:\/\/ser.letras.up.pt\/uec\/wp-content\/uploads\/2025\/07\/UEC-Alemao-A11-intensivo-MJ-Cartazes-4x5-2025-generico-1638x2048.jpg 1638w, https:\/\/ser.letras.up.pt\/uec\/wp-content\/uploads\/2025\/07\/UEC-Alemao-A11-intensivo-MJ-Cartazes-4x5-2025-generico.jpg 1771w\" sizes=\"auto, (max-width: 819px) 100vw, 819px\" \/><\/a><\/figure><div class=\"wp-block-media-text__content\">\n<p class=\"has-small-font-size\">Sou capaz de reconhecer palavras e express\u00f5es simples de uso corrente relativas a mim pr\u00f3prio, \u00e0 minha fam\u00edlia e aos contextos em que estou inserido, quando me falam de forma clara e pausada.<br>Sou capaz de compreender nomes conhecidos, palavras e frases muito simples, por exemplo, em avisos, cartazes ou folhetos.<br>Sou capaz de comunicar de forma simples, desde que o meu interlocutor se disponha a repetir ou dizer por outras palavras, num ritmo mais lento, e me ajude a formular aquilo que eu gostaria de dizer. Sou capaz de perguntar e de responder a perguntas simples sobre assuntos conhecidos ou relativos a \u00e1reas de necessidade imediata.<br>Sou capaz de utilizar express\u00f5es e frases simples para descrever o local onde vivo e pessoas que conhe\u00e7o.<br>Sou capaz de escrever um postal simples e curto, por exemplo, na altura de f\u00e9rias. Sou capaz de preencher uma ficha com dados pessoais, por exemplo, num hotel, com nome, morada, nacionalidade. <a href=\"https:\/\/sigarra.up.pt\/flup\/pt\/cur_geral.cur_view?pv_ano_lectivo=2025&amp;pv_origem=CUR&amp;pv_tipo_cur_sigla=UFC&amp;pv_curso_id=3181\" target=\"_blank\" rel=\"noreferrer noopener\">Saber mais&#8230;<\/a><\/p>\n<\/div><\/div>\n<\/div><\/div>\n\n\n\n<div class=\"wp-block-group alignwide\"><div class=\"wp-block-group__inner-container is-layout-flow wp-block-group-is-layout-flow\">\n<div class=\"wp-block-media-text alignwide is-stacked-on-mobile\" style=\"grid-template-columns:15% auto\"><figure class=\"wp-block-media-text__media\"><a href=\"https:\/\/sigarra.up.pt\/flup\/pt\/cur_geral.cur_view?pv_ano_lectivo=2025&amp;pv_origem=CUR&amp;pv_tipo_cur_sigla=UFC&amp;pv_curso_id=3201\" target=\"_blank\" rel=\"noopener noreferrer\"><img loading=\"lazy\" decoding=\"async\" width=\"819\" height=\"1024\" src=\"https:\/\/ser.letras.up.pt\/uec\/wp-content\/uploads\/2025\/07\/UEC-Alemao-A12-intensivo-MJ-Cartazes-4x5-2025-generico-819x1024.jpg\" alt=\"\" class=\"wp-image-3369 size-full\" srcset=\"https:\/\/ser.letras.up.pt\/uec\/wp-content\/uploads\/2025\/07\/UEC-Alemao-A12-intensivo-MJ-Cartazes-4x5-2025-generico-819x1024.jpg 819w, https:\/\/ser.letras.up.pt\/uec\/wp-content\/uploads\/2025\/07\/UEC-Alemao-A12-intensivo-MJ-Cartazes-4x5-2025-generico-240x300.jpg 240w, https:\/\/ser.letras.up.pt\/uec\/wp-content\/uploads\/2025\/07\/UEC-Alemao-A12-intensivo-MJ-Cartazes-4x5-2025-generico-768x960.jpg 768w, https:\/\/ser.letras.up.pt\/uec\/wp-content\/uploads\/2025\/07\/UEC-Alemao-A12-intensivo-MJ-Cartazes-4x5-2025-generico-1229x1536.jpg 1229w, https:\/\/ser.letras.up.pt\/uec\/wp-content\/uploads\/2025\/07\/UEC-Alemao-A12-intensivo-MJ-Cartazes-4x5-2025-generico-1638x2048.jpg 1638w, https:\/\/ser.letras.up.pt\/uec\/wp-content\/uploads\/2025\/07\/UEC-Alemao-A12-intensivo-MJ-Cartazes-4x5-2025-generico.jpg 1771w\" sizes=\"auto, (max-width: 819px) 100vw, 819px\" \/><\/a><\/figure><div class=\"wp-block-media-text__content\">\n<p class=\"has-small-font-size\">Sou capaz de reconhecer palavras e express\u00f5es simples de uso corrente relativas a mim pr\u00f3prio, \u00e0 minha fam\u00edlia e aos contextos em que estou inserido, quando me falam de forma clara e pausada.<br>Sou capaz de compreender nomes conhecidos, palavras e frases muito simples, por exemplo, em avisos, cartazes ou folhetos.<br>Sou capaz de comunicar de forma simples, desde que o meu interlocutor se disponha a repetir ou dizer por outras palavras, num ritmo mais lento, e me ajude a formular aquilo que eu gostaria de dizer. Sou capaz de perguntar e de responder a perguntas simples sobre assuntos conhecidos ou relativos a \u00e1reas de necessidade imediata.<br>Sou capaz de utilizar express\u00f5es e frases simples para descrever o local onde vivo e pessoas que conhe\u00e7o.<br>Sou capaz de escrever um postal simples e curto, por exemplo, na altura de f\u00e9rias. Sou capaz de preencher uma ficha com dados pessoais, por exemplo, num hotel, com nome, morada, nacionalidade. <strong><em>O subn\u00edvel A1.2 consolida e aprofunda os conhecimentos adquiridos do A1.1.<\/em><\/strong> <a href=\"https:\/\/sigarra.up.pt\/flup\/pt\/cur_geral.cur_view?pv_ano_lectivo=2025&amp;pv_origem=CUR&amp;pv_tipo_cur_sigla=UFC&amp;pv_curso_id=3201\" target=\"_blank\" rel=\"noreferrer noopener\">Saber mais&#8230;<\/a><\/p>\n<\/div><\/div>\n<\/div><\/div>\n\n\n\n<div class=\"wp-block-group alignwide\"><div class=\"wp-block-group__inner-container is-layout-flow wp-block-group-is-layout-flow\">\n<div class=\"wp-block-media-text alignwide is-stacked-on-mobile\" style=\"grid-template-columns:15% auto\"><figure class=\"wp-block-media-text__media\"><a href=\"https:\/\/sigarra.up.pt\/flup\/pt\/cur_geral.cur_view?pv_ano_lectivo=2025&amp;pv_origem=CUR&amp;pv_tipo_cur_sigla=UFC&amp;pv_curso_id=3221\" target=\"_blank\" rel=\"noopener\"><img loading=\"lazy\" decoding=\"async\" width=\"819\" height=\"1024\" src=\"https:\/\/ser.letras.up.pt\/uec\/wp-content\/uploads\/2025\/07\/UEC-Alemao-A21-intensivo-MJ-Cartazes-4x5-2025-generico-819x1024.jpg\" alt=\"\" class=\"wp-image-3370 size-full\" srcset=\"https:\/\/ser.letras.up.pt\/uec\/wp-content\/uploads\/2025\/07\/UEC-Alemao-A21-intensivo-MJ-Cartazes-4x5-2025-generico-819x1024.jpg 819w, https:\/\/ser.letras.up.pt\/uec\/wp-content\/uploads\/2025\/07\/UEC-Alemao-A21-intensivo-MJ-Cartazes-4x5-2025-generico-240x300.jpg 240w, https:\/\/ser.letras.up.pt\/uec\/wp-content\/uploads\/2025\/07\/UEC-Alemao-A21-intensivo-MJ-Cartazes-4x5-2025-generico-768x960.jpg 768w, https:\/\/ser.letras.up.pt\/uec\/wp-content\/uploads\/2025\/07\/UEC-Alemao-A21-intensivo-MJ-Cartazes-4x5-2025-generico-1229x1536.jpg 1229w, https:\/\/ser.letras.up.pt\/uec\/wp-content\/uploads\/2025\/07\/UEC-Alemao-A21-intensivo-MJ-Cartazes-4x5-2025-generico-1638x2048.jpg 1638w, https:\/\/ser.letras.up.pt\/uec\/wp-content\/uploads\/2025\/07\/UEC-Alemao-A21-intensivo-MJ-Cartazes-4x5-2025-generico.jpg 1771w\" sizes=\"auto, (max-width: 819px) 100vw, 819px\" \/><\/a><\/figure><div class=\"wp-block-media-text__content\">\n<p class=\"has-small-font-size\">Sou capaz de compreender express\u00f5es e vocabul\u00e1rio de uso mais frequente relacionado com aspetos de interesse pessoal como, por exemplo, fam\u00edlia, compras, trabalho e meio em que vivo. Sou capaz de compreender o essencial de um an\u00fancio e de mensagens simples, curtas e claras.<br>Sou capaz de ler textos curtos e simples. Sou capaz de encontrar uma informa\u00e7\u00e3o previs\u00edvel e concreta em textos simples de uso corrente, por exemplo, an\u00fancios, folhetos, ementas, hor\u00e1rios. Sou capaz de compreender cartas pessoais curtas e simples.<br>Sou capaz de comunicar em situa\u00e7\u00f5es simples, de rotina do dia a dia, sobre assuntos e atividades habituais que exijam apenas uma troca de informa\u00e7\u00e3o simples e direta. Sou capaz de participar em breves trocas de palavras, apesar de n\u00e3o compreender o suficiente para manter a conversa.<br>Sou capaz de utilizar uma s\u00e9rie de express\u00f5es e frases para falar, de forma simples, da minha fam\u00edlia, de outras pessoas, das condi\u00e7\u00f5es de vida, do meu percurso escolar e do meu trabalho atual ou mais recente.<br>Sou capaz de escrever notas e mensagens curtas e simples sobre assuntos de necessidade imediata. Sou capaz de escrever uma carta pessoal muito simples, por exemplo, para agradecer alguma coisa a algu\u00e9m. <a href=\"https:\/\/sigarra.up.pt\/flup\/pt\/cur_geral.cur_view?pv_ano_lectivo=2025&amp;pv_origem=CUR&amp;pv_tipo_cur_sigla=UFC&amp;pv_curso_id=3221\" target=\"_blank\" rel=\"noreferrer noopener\">Saber mais<\/a>&#8230;<\/p>\n<\/div><\/div>\n<\/div><\/div>\n\n\n\n<div class=\"wp-block-group alignwide\"><div class=\"wp-block-group__inner-container is-layout-flow wp-block-group-is-layout-flow\"><\/div><\/div>\n","protected":false},"excerpt":{"rendered":"<p>Os cursos procuram dar resposta \u00e0 necessidade demonstrada pelo p\u00fablico geral em termos de aprendizagem da l\u00edngua alem\u00e3. Estes, encontram-se divididos em n\u00edveis, de acordo com o QECR. Sou capaz de reconhecer palavras e express\u00f5es simples de uso corrente relativas a mim pr\u00f3prio, \u00e0 minha fam\u00edlia e aos contextos em que estou inserido, quando me &hellip; <a href=\"https:\/\/ser.letras.up.pt\/uec\/alemao-2\/\" class=\"more-link\">Continue reading <span class=\"screen-reader-text\">Alem\u00e3o<\/span> <span class=\"meta-nav\">&rarr;<\/span><\/a><\/p>\n","protected":false},"author":10,"featured_media":0,"parent":0,"menu_order":0,"comment_status":"closed","ping_status":"closed","template":"","meta":{"footnotes":""},"class_list":["post-185","page","type-page","status-publish","hentry"],"_links":{"self":[{"href":"https:\/\/ser.letras.up.pt\/uec\/wp-json\/wp\/v2\/pages\/185","targetHints":{"allow":["GET"]}}],"collection":[{"href":"https:\/\/ser.letras.up.pt\/uec\/wp-json\/wp\/v2\/pages"}],"about":[{"href":"https:\/\/ser.letras.up.pt\/uec\/wp-json\/wp\/v2\/types\/page"}],"author":[{"embeddable":true,"href":"https:\/\/ser.letras.up.pt\/uec\/wp-json\/wp\/v2\/users\/10"}],"replies":[{"embeddable":true,"href":"https:\/\/ser.letras.up.pt\/uec\/wp-json\/wp\/v2\/comments?post=185"}],"version-history":[{"count":36,"href":"https:\/\/ser.letras.up.pt\/uec\/wp-json\/wp\/v2\/pages\/185\/revisions"}],"predecessor-version":[{"id":3371,"href":"https:\/\/ser.letras.up.pt\/uec\/wp-json\/wp\/v2\/pages\/185\/revisions\/3371"}],"wp:attachment":[{"href":"https:\/\/ser.letras.up.pt\/uec\/wp-json\/wp\/v2\/media?parent=185"}],"curies":[{"name":"wp","href":"https:\/\/api.w.org\/{rel}","templated":true}]}}