{"id":1661,"date":"2022-02-08T11:06:20","date_gmt":"2022-02-08T11:06:20","guid":{"rendered":"https:\/\/ser.letras.up.pt\/uec\/?page_id=1661"},"modified":"2023-01-17T16:45:33","modified_gmt":"2023-01-17T16:45:33","slug":"ctt-candidaturas-abertas","status":"publish","type":"page","link":"https:\/\/ser.letras.up.pt\/uec\/ctt-candidaturas-abertas\/","title":{"rendered":"CTT &#8211; candidaturas abertas"},"content":{"rendered":"\n<p class=\"has-green-color has-text-color\" style=\"font-size:22px\">Exclusivamente para estudantes inscritos em 1\u00ba e\/ou 2\u00ba ciclo, na Universidade do Porto.<\/p>\n\n\n\n<p class=\"has-green-color has-text-color\" style=\"font-size:30px\"><\/p>\n\n\n\n<p class=\"has-large-font-size\"><a href=\"https:\/\/sigarra.up.pt\/flup\/pt\/cur_geral.cur_view?pv_ano_lectivo=2021&amp;pv_origem=CUR&amp;pv_tipo_cur_sigla=UFC&amp;pv_curso_id=23841\" target=\"_blank\" rel=\"noreferrer noopener\"><a href=\"https:\/\/sigarra.up.pt\/flup\/pt\/cur_geral.cur_view?pv_ano_lectivo=2022&amp;pv_origem=CUR&amp;pv_tipo_cur_sigla=UFC&amp;pv_curso_id=23841\">Cultura, Arte e Patrim\u00f3nio: o museu como lugar de frui\u00e7\u00e3o<\/a><\/a><\/p>\n","protected":false},"excerpt":{"rendered":"<p>Exclusivamente para estudantes inscritos em 1\u00ba e\/ou 2\u00ba ciclo, na Universidade do Porto. Cultura, Arte e Patrim\u00f3nio: o museu como lugar de frui\u00e7\u00e3o<\/p>\n","protected":false},"author":10,"featured_media":0,"parent":0,"menu_order":0,"comment_status":"closed","ping_status":"closed","template":"","meta":{"footnotes":""},"class_list":["post-1661","page","type-page","status-publish","hentry"],"_links":{"self":[{"href":"https:\/\/ser.letras.up.pt\/uec\/wp-json\/wp\/v2\/pages\/1661","targetHints":{"allow":["GET"]}}],"collection":[{"href":"https:\/\/ser.letras.up.pt\/uec\/wp-json\/wp\/v2\/pages"}],"about":[{"href":"https:\/\/ser.letras.up.pt\/uec\/wp-json\/wp\/v2\/types\/page"}],"author":[{"embeddable":true,"href":"https:\/\/ser.letras.up.pt\/uec\/wp-json\/wp\/v2\/users\/10"}],"replies":[{"embeddable":true,"href":"https:\/\/ser.letras.up.pt\/uec\/wp-json\/wp\/v2\/comments?post=1661"}],"version-history":[{"count":6,"href":"https:\/\/ser.letras.up.pt\/uec\/wp-json\/wp\/v2\/pages\/1661\/revisions"}],"predecessor-version":[{"id":2437,"href":"https:\/\/ser.letras.up.pt\/uec\/wp-json\/wp\/v2\/pages\/1661\/revisions\/2437"}],"wp:attachment":[{"href":"https:\/\/ser.letras.up.pt\/uec\/wp-json\/wp\/v2\/media?parent=1661"}],"curies":[{"name":"wp","href":"https:\/\/api.w.org\/{rel}","templated":true}]}}