{"id":1084,"date":"2021-07-13T09:26:56","date_gmt":"2021-07-13T09:26:56","guid":{"rendered":"https:\/\/ser.letras.up.pt\/uec\/?page_id=1084"},"modified":"2026-03-30T11:59:44","modified_gmt":"2026-03-30T10:59:44","slug":"oferta-formativa-2021-22","status":"publish","type":"page","link":"https:\/\/ser.letras.up.pt\/uec\/","title":{"rendered":"OFERTA FORMATIVA &#8211; 2025\/26 e 2026\/27 (em atualiza\u00e7\u00e3o)"},"content":{"rendered":"\n<p class=\"has-text-align-right has-medium-font-size\"><br><a href=\"https:\/\/ser.letras.up.pt\/uec\/candidaturas-abertas\/\" target=\"_blank\" rel=\"noreferrer noopener\"><strong>Ver candidaturas abertas<\/strong><\/a><\/p>\n\n\n\n<figure class=\"wp-block-image size-full is-resized\"><a href=\"https:\/\/ser.letras.up.pt\/uec\/newsletter-2\/\" target=\"_blank\" rel=\"noopener\"><img loading=\"lazy\" decoding=\"async\" width=\"1082\" height=\"233\" src=\"https:\/\/ser.letras.up.pt\/uec\/wp-content\/uploads\/2022\/11\/16.gif\" alt=\"\" class=\"wp-image-2374\" style=\"width:635px;height:137px\"\/><\/a><\/figure>\n\n\n<div class=\"wp-block-image\">\n<figure class=\"aligncenter size-large\"><img loading=\"lazy\" decoding=\"async\" width=\"1024\" height=\"195\" src=\"https:\/\/ser.letras.up.pt\/uec\/wp-content\/uploads\/2022\/03\/banner-site-001-1024x195.jpg\" alt=\"\" class=\"wp-image-1720\"\/><figcaption class=\"wp-element-caption\"><br><br><\/figcaption><\/figure><\/div>\n\n\n<p class=\"has-text-align-center has-green-color has-text-color\" style=\"font-size:30px\">Cursos anuais e de Especializa\u00e7\u00e3o (2026\/27)<br><\/p>\n\n\n\n<div class=\"wp-block-buttons is-content-justification-center is-layout-flex wp-container-core-buttons-is-layout-1 wp-block-buttons-is-layout-flex\">\n<div class=\"wp-block-button\"><a class=\"wp-block-button__link wp-element-button\" href=\"https:\/\/ser.letras.up.pt\/uec\/especializacoes\/\" style=\"border-radius:25px\" target=\"_blank\" rel=\"noreferrer noopener\">especializa\u00e7\u00f5es   <\/a><\/div>\n<\/div>\n\n\n\n<p><br><br><\/p>\n\n\n\n<p class=\"has-text-align-center has-green-color has-text-color\" style=\"font-size:30px\">1\u00ba semestre (2025\/26)<br><\/p>\n\n\n\n<div class=\"wp-block-buttons is-content-justification-center is-layout-flex wp-container-core-buttons-is-layout-2 wp-block-buttons-is-layout-flex\">\n<div class=\"wp-block-button\"><a class=\"wp-block-button__link wp-element-button\" href=\"https:\/\/ser.letras.up.pt\/uec\/cursos-de-linguas-intensivos\/\" target=\"_blank\" rel=\"noreferrer noopener\">cursos de L\u00ednguas &#8211; Intensivos <\/a><\/div>\n\n\n\n<div class=\"wp-block-button\"><a class=\"wp-block-button__link wp-element-button\" href=\"https:\/\/ser.letras.up.pt\/uec\/cursos-tematicos-1o-semestre\/\" target=\"_blank\" rel=\"noreferrer noopener\">tem\u00e1ticos<\/a><\/div>\n\n\n\n<div class=\"wp-block-button is-style-fill\"><a class=\"wp-block-button__link wp-element-button\" href=\"https:\/\/ser.letras.up.pt\/uec\/prr-plano-de-recuperacao-e-resiliencia-1o-semestre\" target=\"_blank\" rel=\"noreferrer noopener\">prr &#8211; plano de recupera\u00e7\u00e3o e resili\u00eancia<\/a><\/div>\n\n\n\n<div class=\"wp-block-button is-style-fill\"><a class=\"wp-block-button__link wp-element-button\" href=\"https:\/\/ser.letras.up.pt\/uec\/formacao-acreditada-para-professores-1o-semestre\/\" target=\"_blank\" rel=\"noreferrer noopener\">Forma\u00e7\u00e3o para professores<\/a><\/div>\n\n\n\n<div class=\"wp-block-button is-style-fill\"><a class=\"wp-block-button__link wp-element-button\" href=\"https:\/\/sigarra.up.pt\/flup\/pt\/cur_geral.cur_view?pv_ano_lectivo=2025&amp;pv_origem=CUR&amp;pv_tipo_cur_sigla=FL&amp;pv_curso_id=36362\" target=\"_blank\" rel=\"noreferrer noopener\">programa de estudos universit\u00e1rios para seniores I<\/a><\/div>\n<\/div>\n\n\n\n<p><\/p>\n\n\n\n<p class=\"has-text-align-center has-green-color has-text-color\" style=\"font-size:30px\">2\u00ba semestre (2025\/26)<br><\/p>\n\n\n\n<div class=\"wp-block-buttons is-content-justification-center is-layout-flex wp-container-core-buttons-is-layout-3 wp-block-buttons-is-layout-flex\">\n<div class=\"wp-block-button\"><a class=\"wp-block-button__link wp-element-button\" href=\"https:\/\/ser.letras.up.pt\/uec\/cursos-de-linguas-intensivos-2o-semestre\/\" target=\"_blank\" rel=\"noreferrer noopener\">Cursos de l\u00ednguas  &#8211; intensivos<\/a><\/div>\n\n\n\n<div class=\"wp-block-button is-style-fill\"><a class=\"wp-block-button__link wp-element-button\" href=\"https:\/\/ser.letras.up.pt\/uec\/cursos-tematicos-2o-semestre\/\" target=\"_blank\" rel=\"noreferrer noopener\">Tem\u00e1ticos<\/a><\/div>\n\n\n\n<div class=\"wp-block-button is-style-fill\"><a class=\"wp-block-button__link wp-element-button\" href=\"https:\/\/ser.letras.up.pt\/uec\/prr-plano-de-recuperacao-e-resiliencia-2o-semestre\/\" target=\"_blank\" rel=\"noreferrer noopener\">PRR &#8211; plano de recupera\u00e7\u00e3o e resili\u00eancia<\/a><\/div>\n\n\n\n<div class=\"wp-block-button is-style-fill\"><a class=\"wp-block-button__link wp-element-button\" href=\"https:\/\/ser.letras.up.pt\/uec\/formacao-acreditada-para-professores-2o-semestre\/\" target=\"_blank\" rel=\"noreferrer noopener\">Forma\u00e7\u00e3o para professores<\/a><\/div>\n\n\n\n<div class=\"wp-block-button is-style-fill\"><a class=\"wp-block-button__link wp-element-button\" href=\"https:\/\/sigarra.up.pt\/flup\/pt\/cur_geral.cur_view?pv_ano_lectivo=2025&amp;pv_origem=CUR&amp;pv_tipo_cur_sigla=FL&amp;pv_curso_id=38122\" target=\"_blank\" rel=\"noreferrer noopener\">programa de estudos universit\u00e1rios para seniores II<\/a><\/div>\n<\/div>\n","protected":false},"excerpt":{"rendered":"<p>Ver candidaturas abertas Cursos anuais e de Especializa\u00e7\u00e3o (2026\/27) 1\u00ba semestre (2025\/26) 2\u00ba semestre (2025\/26)<\/p>\n","protected":false},"author":10,"featured_media":0,"parent":0,"menu_order":0,"comment_status":"closed","ping_status":"closed","template":"","meta":{"footnotes":""},"class_list":["post-1084","page","type-page","status-publish","hentry"],"_links":{"self":[{"href":"https:\/\/ser.letras.up.pt\/uec\/wp-json\/wp\/v2\/pages\/1084","targetHints":{"allow":["GET"]}}],"collection":[{"href":"https:\/\/ser.letras.up.pt\/uec\/wp-json\/wp\/v2\/pages"}],"about":[{"href":"https:\/\/ser.letras.up.pt\/uec\/wp-json\/wp\/v2\/types\/page"}],"author":[{"embeddable":true,"href":"https:\/\/ser.letras.up.pt\/uec\/wp-json\/wp\/v2\/users\/10"}],"replies":[{"embeddable":true,"href":"https:\/\/ser.letras.up.pt\/uec\/wp-json\/wp\/v2\/comments?post=1084"}],"version-history":[{"count":135,"href":"https:\/\/ser.letras.up.pt\/uec\/wp-json\/wp\/v2\/pages\/1084\/revisions"}],"predecessor-version":[{"id":3726,"href":"https:\/\/ser.letras.up.pt\/uec\/wp-json\/wp\/v2\/pages\/1084\/revisions\/3726"}],"wp:attachment":[{"href":"https:\/\/ser.letras.up.pt\/uec\/wp-json\/wp\/v2\/media?parent=1084"}],"curies":[{"name":"wp","href":"https:\/\/api.w.org\/{rel}","templated":true}]}}