{"id":438,"date":"2021-09-02T17:48:23","date_gmt":"2021-09-02T17:48:23","guid":{"rendered":"https:\/\/ser.letras.up.pt\/sustentabilidade\/?page_id=438"},"modified":"2021-10-10T22:25:19","modified_gmt":"2021-10-10T22:25:19","slug":"ods11","status":"publish","type":"page","link":"https:\/\/ser.letras.up.pt\/sustentabilidade\/ods2030\/ods11\/","title":{"rendered":"ODS11 &#8211; Tornar as cidades e as comunidades mais inclusivas, seguras, resilientes e sustent\u00e1veis"},"content":{"rendered":"\n<p>\u2022 Garantir o acesso de todos a habita\u00e7\u00e3o segura, adequada e a pre\u00e7o acess\u00edvel, aos servi\u00e7os b\u00e1sicos e melhorar as condi\u00e7\u00f5es nos bairros de lata<br>\u2022 Proporcionar o acesso a sistemas de transporte seguros, acess\u00edveis, sustent\u00e1veis e a pre\u00e7o acess\u00edvel para todos, melhorando a seguran\u00e7a rodovi\u00e1ria atrav\u00e9s da expans\u00e3o da rede de transportes p\u00fablicos, com especial aten\u00e7\u00e3o para as necessidades das pessoas em situa\u00e7\u00e3o de vulnerabilidade, particularmente mulheres, crian\u00e7as, pessoas com defici\u00eancia e idosos<br>\u2022 Aumentar a urbaniza\u00e7\u00e3o inclusiva e sustent\u00e1vel, e as capacidades para o planeamento e gest\u00e3o de assentamentos humanos participativos, integrados e sustent\u00e1veis, em todos os pa\u00edses<br>\u2022 Fortalecer esfor\u00e7os para proteger e salvaguardar o patrim\u00f3nio cultural e natural do mundo<br>\u2022 Reduzir significativamente o n\u00famero de mortes e o n\u00famero de pessoas afetadas por cat\u00e1strofes, e diminuir substancialmente as perdas econ\u00f3micas diretas causadas por essa via no produto interno bruto global, incluindo as cat\u00e1strofes relacionadas com a \u00e1gua, focando-se sobretudo na prote\u00e7\u00e3o dos pobres e das pessoas em situa\u00e7\u00e3o de vulnerabilidade<br>\u2022 Reduzir o impacto ambiental negativo per capita nas cidades, prestando especial aten\u00e7\u00e3o \u00e0 qualidade do ar, gest\u00e3o de res\u00edduos municipais e outros<br>\u2022 Proporcionar o acesso universal a espa\u00e7os p\u00fablicos seguros, inclusivos, acess\u00edveis e verdes, particularmente para as mulheres e crian\u00e7as, pessoas idosas e pessoas com defici\u00eancia<br>\u2022 Apoiar rela\u00e7\u00f5es econ\u00f3micas, sociais e ambientais positivas entre \u00e1reas urbanas, periurbanas e rurais, refor\u00e7ando o planeamento nacional e regional de desenvolvimento<br>\u2022 Aumentar substancialmente o n\u00famero de cidades e assentamentos humanos que adotaram e implementaram pol\u00edticas e planos integrados para a inclus\u00e3o, a efici\u00eancia dos recursos, mitiga\u00e7\u00e3o e adapta\u00e7\u00e3o \u00e0s mudan\u00e7as clim\u00e1ticas, resili\u00eancia a desastres; e desenvolver e implementar, de acordo com o Enquadramento para a Redu\u00e7\u00e3o do Risco de Desastres de Sendai 2015-2030, a gest\u00e3o hol\u00edstica do risco de desastres, a todos os n\u00edveis<br>\u2022 Apoiar os pa\u00edses menos desenvolvidos, por meio de assist\u00eancia t\u00e9cnica e financeira, nas constru\u00e7\u00f5es sustent\u00e1veis e resilientes, utilizando materiais locais<\/p>\n\n\n\n<figure class=\"wp-block-image size-large\"><img loading=\"lazy\" decoding=\"async\" width=\"791\" height=\"1024\" src=\"https:\/\/ser.letras.up.pt\/sustentabilidade\/wp-content\/uploads\/2021\/09\/E_infographics_11_page-0001-791x1024.jpg\" alt=\"\" class=\"wp-image-439\" srcset=\"https:\/\/ser.letras.up.pt\/sustentabilidade\/wp-content\/uploads\/2021\/09\/E_infographics_11_page-0001-791x1024.jpg 791w, https:\/\/ser.letras.up.pt\/sustentabilidade\/wp-content\/uploads\/2021\/09\/E_infographics_11_page-0001-232x300.jpg 232w, https:\/\/ser.letras.up.pt\/sustentabilidade\/wp-content\/uploads\/2021\/09\/E_infographics_11_page-0001-768x994.jpg 768w, https:\/\/ser.letras.up.pt\/sustentabilidade\/wp-content\/uploads\/2021\/09\/E_infographics_11_page-0001-1187x1536.jpg 1187w, https:\/\/ser.letras.up.pt\/sustentabilidade\/wp-content\/uploads\/2021\/09\/E_infographics_11_page-0001.jpg 1275w\" sizes=\"auto, (max-width: 791px) 100vw, 791px\" \/><\/figure>\n\n\n\n<div style=\"height:30px\" aria-hidden=\"true\" class=\"wp-block-spacer\"><\/div>\n\n\n\n<hr class=\"wp-block-separator is-style-dots\" \/>\n\n\n\n<div style=\"height:31px\" aria-hidden=\"true\" class=\"wp-block-spacer\"><\/div>\n\n\n\n<div class=\"wp-block-cover has-background-dim\" style=\"background-image:url(https:\/\/ser.letras.up.pt\/sustentabilidade\/wp-content\/uploads\/2021\/09\/IMG_1568-scaled.jpg)\"><div class=\"wp-block-cover__inner-container is-layout-flow wp-block-cover-is-layout-flow\">\n<p class=\"has-text-align-center has-white-color has-text-color has-large-font-size\"><span class=\"has-inline-color has-white-color\"><a href=\"https:\/\/ser.letras.up.pt\/sustentabilidade\/parque-de-estacionamento-para-motas-e-bicicletas\/\">A\u00c7\u00c3O FLUP:<\/a><\/span><\/p>\n\n\n\n<p class=\"has-text-align-center has-white-color has-text-color has-large-font-size\"><span class=\"has-inline-color has-white-color\"><a href=\"https:\/\/ser.letras.up.pt\/sustentabilidade\/parque-de-estacionamento-para-motas-e-bicicletas\/\">Parque de estacionamento exterior gratuito para ve\u00edculos de duas rodas<\/a><\/span><\/p>\n<\/div><\/div>\n","protected":false},"excerpt":{"rendered":"<p>\u2022 Garantir o acesso de todos a habita\u00e7\u00e3o segura, adequada e a pre\u00e7o acess\u00edvel, aos servi\u00e7os b\u00e1sicos e melhorar as condi\u00e7\u00f5es nos bairros de lata\u2022 Proporcionar o acesso a sistemas&#8230;<\/p>\n","protected":false},"author":5,"featured_media":441,"parent":126,"menu_order":11,"comment_status":"open","ping_status":"closed","template":"","meta":{"footnotes":""},"class_list":["post-438","page","type-page","status-publish","has-post-thumbnail","hentry"],"jetpack_sharing_enabled":true,"jetpack_likes_enabled":true,"jetpack-related-posts":[],"_links":{"self":[{"href":"https:\/\/ser.letras.up.pt\/sustentabilidade\/wp-json\/wp\/v2\/pages\/438","targetHints":{"allow":["GET"]}}],"collection":[{"href":"https:\/\/ser.letras.up.pt\/sustentabilidade\/wp-json\/wp\/v2\/pages"}],"about":[{"href":"https:\/\/ser.letras.up.pt\/sustentabilidade\/wp-json\/wp\/v2\/types\/page"}],"author":[{"embeddable":true,"href":"https:\/\/ser.letras.up.pt\/sustentabilidade\/wp-json\/wp\/v2\/users\/5"}],"replies":[{"embeddable":true,"href":"https:\/\/ser.letras.up.pt\/sustentabilidade\/wp-json\/wp\/v2\/comments?post=438"}],"version-history":[{"count":9,"href":"https:\/\/ser.letras.up.pt\/sustentabilidade\/wp-json\/wp\/v2\/pages\/438\/revisions"}],"predecessor-version":[{"id":523,"href":"https:\/\/ser.letras.up.pt\/sustentabilidade\/wp-json\/wp\/v2\/pages\/438\/revisions\/523"}],"up":[{"embeddable":true,"href":"https:\/\/ser.letras.up.pt\/sustentabilidade\/wp-json\/wp\/v2\/pages\/126"}],"wp:featuredmedia":[{"embeddable":true,"href":"https:\/\/ser.letras.up.pt\/sustentabilidade\/wp-json\/wp\/v2\/media\/441"}],"wp:attachment":[{"href":"https:\/\/ser.letras.up.pt\/sustentabilidade\/wp-json\/wp\/v2\/media?parent=438"}],"curies":[{"name":"wp","href":"https:\/\/api.w.org\/{rel}","templated":true}]}}