{"id":123,"date":"2021-08-11T14:06:41","date_gmt":"2021-08-11T14:06:41","guid":{"rendered":"https:\/\/ser.letras.up.pt\/sustentabilidade\/?page_id=123"},"modified":"2021-10-07T16:41:27","modified_gmt":"2021-10-07T16:41:27","slug":"comprimisso-flup","status":"publish","type":"page","link":"https:\/\/ser.letras.up.pt\/sustentabilidade\/comprimisso-flup\/","title":{"rendered":"COMPROMISSO FLUP"},"content":{"rendered":"\n<div style=\"height:40px\" aria-hidden=\"true\" class=\"wp-block-spacer\"><\/div>\n\n\n\n<div class=\"wp-block-image is-style-rounded\"><figure class=\"aligncenter size-large is-resized\"><img loading=\"lazy\" decoding=\"async\" src=\"https:\/\/ser.letras.up.pt\/sustentabilidade\/wp-content\/uploads\/2021\/10\/rcs_logo-1024x851.png\" alt=\"\" class=\"wp-image-483\" width=\"512\" height=\"426\" srcset=\"https:\/\/ser.letras.up.pt\/sustentabilidade\/wp-content\/uploads\/2021\/10\/rcs_logo-1024x851.png 1024w, https:\/\/ser.letras.up.pt\/sustentabilidade\/wp-content\/uploads\/2021\/10\/rcs_logo-300x249.png 300w, https:\/\/ser.letras.up.pt\/sustentabilidade\/wp-content\/uploads\/2021\/10\/rcs_logo-768x639.png 768w, https:\/\/ser.letras.up.pt\/sustentabilidade\/wp-content\/uploads\/2021\/10\/rcs_logo-1536x1277.png 1536w, https:\/\/ser.letras.up.pt\/sustentabilidade\/wp-content\/uploads\/2021\/10\/rcs_logo.png 1852w\" sizes=\"auto, (max-width: 512px) 100vw, 512px\" \/><\/figure><\/div>\n\n\n\n<p class=\"has-medium-font-size\"><strong>FLUP adere \u00e0 iniciativa \u201cRede Campus Sustent\u00e1vel\u201d<\/strong> <\/p>\n\n\n\n<p>MISS\u00c3O<\/p>\n\n\n\n<p>A Rede Campus Sustent\u00e1vel (RCS) foi criada no Encontro Campus Sustent\u00e1vel (ECS) que teve lugar a 27 de novembro de 2018 na Universidade de Coimbra. Atrav\u00e9s da Rede, pretende-se partilhar conhecimentos, iniciativas e casos de sucesso e ainda promover a\u00e7\u00f5es conjuntas dentro da tem\u00e1tica Campus Sustent\u00e1vel.<\/p>\n\n\n\n<p class=\"has-medium-font-size\"><strong><strong>Carta de Inten\u00e7\u00f5es para o Campus Sustent\u00e1vel<\/strong><\/strong>:<\/p>\n\n\n\n<p>A Rede Campus Sustent\u00e1vel, constitu\u00edda no Encontro Campus Sustent\u00e1vel (ECS), realizado em 27 de novembro de 2018 na Universidade de Coimbra, reunindo pessoas provenientes de institui\u00e7\u00f5es de ensino superior (IES) portuguesas interessadas em estimular o desenvolvimento de atividades visando o planeamento e a gest\u00e3o sustent\u00e1veis dos campi das IES, considerou necess\u00e1rio promover o envolvimento das estruturas de governo das IES. De facto,<\/p>\n\n\n\n<ol class=\"wp-block-list\"><li>&nbsp;&nbsp;&nbsp; as IES t\u00eam uma elevada responsabilidade perante a sociedade no dom\u00ednio da sustentabilidade, j\u00e1 que formam quadros superiores, realizam investiga\u00e7\u00e3o cient\u00edfica e usam recursos p\u00fablicos por cuja gest\u00e3o respondem, atividades que n\u00e3o s\u00e3o dissoci\u00e1veis de uma perspetiva de desenvolvimento sustent\u00e1vel tamb\u00e9m intramuros, assim como da rela\u00e7\u00e3o com a comunidade;<\/li><li>&nbsp;&nbsp;&nbsp; algumas IES j\u00e1 tomaram decis\u00f5es ao n\u00edvel dos respetivos governos no sentido de incorporar crit\u00e9rios de sustentabilidade no planeamento institucional e de criar ou complementar estruturas que deem corpo de forma est\u00e1vel a um conjunto de programas e atividades que se destinam a concretizar os planos tra\u00e7ados.<\/li><li>&nbsp;&nbsp;&nbsp; a troca de experi\u00eancias entre os membros da Rede, com dissemina\u00e7\u00e3o de informa\u00e7\u00e3o sobre boas pr\u00e1ticas e poss\u00edvel realiza\u00e7\u00e3o de a\u00e7\u00f5es conjuntas, ajuda a promover iniciativas positivas cujo alcance, por\u00e9m, ser\u00e1 limitado enquanto as estruturas de governo das IES n\u00e3o se comprometerem de forma ativa na concretiza\u00e7\u00e3o de pol\u00edticas visando a sustentabilidade das institui\u00e7\u00f5es;<\/li><li>&nbsp;&nbsp;&nbsp; a realiza\u00e7\u00e3o de um ECS com participa\u00e7\u00e3o volunt\u00e1ria de pessoas de um t\u00e3o elevado n\u00famero de IES mostra que existem nas IES recursos humanos interessados na promo\u00e7\u00e3o da sustentabilidade em m\u00faltiplos dom\u00ednios da atividade das institui\u00e7\u00f5es;<\/li><\/ol>\n\n\n\n<hr class=\"wp-block-separator\" \/>\n\n\n\n<p>Fique a saber mais informa\u00e7\u00e3o, aqui: <a href=\"http:\/\/www.redecampussustentavel.pt\/carta-de-intencoes\/\">http:\/\/www.redecampussustentavel.pt\/carta-de-intencoes\/<\/a>&nbsp;<\/p>\n","protected":false},"excerpt":{"rendered":"<p>FLUP adere \u00e0 iniciativa \u201cRede Campus Sustent\u00e1vel\u201d MISS\u00c3O A Rede Campus Sustent\u00e1vel (RCS) foi criada no Encontro Campus Sustent\u00e1vel (ECS) que teve lugar a 27 de novembro de 2018 na&#8230;<\/p>\n","protected":false},"author":5,"featured_media":0,"parent":0,"menu_order":0,"comment_status":"closed","ping_status":"closed","template":"","meta":{"footnotes":""},"class_list":["post-123","page","type-page","status-publish","hentry"],"jetpack_sharing_enabled":true,"jetpack_likes_enabled":true,"jetpack-related-posts":[],"_links":{"self":[{"href":"https:\/\/ser.letras.up.pt\/sustentabilidade\/wp-json\/wp\/v2\/pages\/123","targetHints":{"allow":["GET"]}}],"collection":[{"href":"https:\/\/ser.letras.up.pt\/sustentabilidade\/wp-json\/wp\/v2\/pages"}],"about":[{"href":"https:\/\/ser.letras.up.pt\/sustentabilidade\/wp-json\/wp\/v2\/types\/page"}],"author":[{"embeddable":true,"href":"https:\/\/ser.letras.up.pt\/sustentabilidade\/wp-json\/wp\/v2\/users\/5"}],"replies":[{"embeddable":true,"href":"https:\/\/ser.letras.up.pt\/sustentabilidade\/wp-json\/wp\/v2\/comments?post=123"}],"version-history":[{"count":24,"href":"https:\/\/ser.letras.up.pt\/sustentabilidade\/wp-json\/wp\/v2\/pages\/123\/revisions"}],"predecessor-version":[{"id":498,"href":"https:\/\/ser.letras.up.pt\/sustentabilidade\/wp-json\/wp\/v2\/pages\/123\/revisions\/498"}],"wp:attachment":[{"href":"https:\/\/ser.letras.up.pt\/sustentabilidade\/wp-json\/wp\/v2\/media?parent=123"}],"curies":[{"name":"wp","href":"https:\/\/api.w.org\/{rel}","templated":true}]}}