{"id":312,"date":"2024-05-15T13:22:59","date_gmt":"2024-05-15T13:22:59","guid":{"rendered":"https:\/\/ser.letras.up.pt\/sga\/?page_id=312"},"modified":"2025-05-06T14:16:15","modified_gmt":"2025-05-06T14:16:15","slug":"praticantes-religiosos","status":"publish","type":"page","link":"https:\/\/ser.letras.up.pt\/sga\/praticantes-religiosos\/","title":{"rendered":"Praticantes Religiosos"},"content":{"rendered":"\n<p class=\"has-text-color\" style=\"color:#808080\">Os estudantes que s\u00e3o praticantes de atos religiosos s\u00e3o dispensados das aulas e de provas nos dias consagrados ao culto. No caso de coincidir com a \u00e9poca de exames, dever\u00e1 ser pedida nova \u00e9poca de exame, conforme a <a href=\"https:\/\/sigarra.up.pt\/flup\/pt\/LEGISLACAO_GERAL.ver_legislacao?p_nr=144\" target=\"_blank\" rel=\"noreferrer noopener\"><span style=\"text-decoration: underline\">Portaria n\u00ba 947\/87<\/span><\/a>, de 18 de dezembro (Estatuto de Praticantes Religiosos) e a <a href=\"https:\/\/sigarra.up.pt\/flup\/pt\/LEGISLACAO_GERAL.ver_legislacao?p_nr=584\" target=\"_blank\" rel=\"noreferrer noopener\"><span style=\"text-decoration: underline\">Lei n\u00ba 16\/2001<\/span><\/a>, de 22 de junho (Lei da Liberdade Religiosa).<\/p>\n\n\n\n<p class=\"has-text-color\" style=\"color:#808080\">Documentos a entregar:<\/p>\n\n\n\n<p class=\"has-text-color\" style=\"color:#808080\">&#8211; Requerimento geral a pedir o estatuto;<\/p>\n\n\n\n<p class=\"has-text-color\" style=\"color:#808080\">&#8211; O comprovativo de que \u00e9 praticante religioso.<\/p>\n\n\n\n<p><\/p>\n","protected":false},"excerpt":{"rendered":"<p>Os estudantes que s\u00e3o praticantes de atos religiosos s\u00e3o dispensados das aulas e de provas nos dias consagrados ao culto. No caso de coincidir com a \u00e9poca de exames, dever\u00e1 ser pedida nova \u00e9poca de exame, conforme a Portaria n\u00ba 947\/87, de 18 de dezembro (Estatuto de Praticantes Religiosos) e a Lei n\u00ba 16\/2001, de [&hellip;]<\/p>\n","protected":false},"author":10,"featured_media":0,"parent":0,"menu_order":0,"comment_status":"closed","ping_status":"closed","template":"","meta":{"footnotes":""},"class_list":["post-312","page","type-page","status-publish","hentry"],"_links":{"self":[{"href":"https:\/\/ser.letras.up.pt\/sga\/wp-json\/wp\/v2\/pages\/312","targetHints":{"allow":["GET"]}}],"collection":[{"href":"https:\/\/ser.letras.up.pt\/sga\/wp-json\/wp\/v2\/pages"}],"about":[{"href":"https:\/\/ser.letras.up.pt\/sga\/wp-json\/wp\/v2\/types\/page"}],"author":[{"embeddable":true,"href":"https:\/\/ser.letras.up.pt\/sga\/wp-json\/wp\/v2\/users\/10"}],"replies":[{"embeddable":true,"href":"https:\/\/ser.letras.up.pt\/sga\/wp-json\/wp\/v2\/comments?post=312"}],"version-history":[{"count":5,"href":"https:\/\/ser.letras.up.pt\/sga\/wp-json\/wp\/v2\/pages\/312\/revisions"}],"predecessor-version":[{"id":1562,"href":"https:\/\/ser.letras.up.pt\/sga\/wp-json\/wp\/v2\/pages\/312\/revisions\/1562"}],"wp:attachment":[{"href":"https:\/\/ser.letras.up.pt\/sga\/wp-json\/wp\/v2\/media?parent=312"}],"curies":[{"name":"wp","href":"https:\/\/api.w.org\/{rel}","templated":true}]}}