{"id":304,"date":"2024-05-15T13:18:32","date_gmt":"2024-05-15T13:18:32","guid":{"rendered":"https:\/\/ser.letras.up.pt\/sga\/?page_id=304"},"modified":"2025-05-06T13:57:06","modified_gmt":"2025-05-06T13:57:06","slug":"estatuto-de-estudante-bombeiro","status":"publish","type":"page","link":"https:\/\/ser.letras.up.pt\/sga\/estatuto-de-estudante-bombeiro\/","title":{"rendered":"Estatuto de estudante Bombeiro"},"content":{"rendered":"\n<p class=\"has-text-color\" style=\"color:#808080\">Aos estudantes que s\u00e3o bombeiros dos corpos profissionais, mistos ou volunt\u00e1rios s\u00e3o concedidas regalias, conforme o <a href=\"https:\/\/sigarra.up.pt\/flup\/pt\/LEGISLACAO_GERAL.ver_legislacao?p_nr=524\" target=\"_blank\" rel=\"noreferrer noopener\"><span style=\"text-decoration: underline\">artigo 6\u00ba do Decreto-Lei n\u00ba 241\/2007<\/span><\/a>, de 21 de Junho e o<strong> novo regulamento de atribui\u00e7\u00e3o de benef\u00edcios sociais aos bombeiros volunt\u00e1rio<\/strong>s &#8211; <a href=\"https:\/\/sigarra.up.pt\/flup\/pt\/LEGISLACAO_GERAL.ver_legislacao?p_nr=505\" target=\"_blank\" rel=\"noreferrer noopener\"><span style=\"text-decoration: underline\">Decreto-Lei n.\u00ba 64\/2019, de 16 de maio de 2019<\/span>.<\/a><\/p>\n\n\n\n<p class=\"has-text-color\" style=\"color:#808080\">Documentos a entregar para pedir o Estatuto:<\/p>\n\n\n\n<p class=\"has-text-color\" style=\"color:#808080\">&#8211; Requerimento geral;<\/p>\n\n\n\n<p class=\"has-text-color\" style=\"color:#808080\">&#8211; Declara\u00e7\u00e3o da Corpora\u00e7\u00e3o de Bombeiros.<\/p>\n\n\n\n<p class=\"has-text-color\" style=\"color:#808080\">Estes estudantes t\u00eam a possibilidade de requerer, em cada ano letivo, &#8220;at\u00e9 5 exames ou provas globais espec\u00edficas, para al\u00e9m dos previstos nas \u00e9pocas normal e de recurso, com limite m\u00e1ximo de dois exames\/provas por unidade curricular&#8221;<\/p>\n","protected":false},"excerpt":{"rendered":"<p>Aos estudantes que s\u00e3o bombeiros dos corpos profissionais, mistos ou volunt\u00e1rios s\u00e3o concedidas regalias, conforme o artigo 6\u00ba do Decreto-Lei n\u00ba 241\/2007, de 21 de Junho e o novo regulamento de atribui\u00e7\u00e3o de benef\u00edcios sociais aos bombeiros volunt\u00e1rios &#8211; Decreto-Lei n.\u00ba 64\/2019, de 16 de maio de 2019. Documentos a entregar para pedir o Estatuto: [&hellip;]<\/p>\n","protected":false},"author":10,"featured_media":0,"parent":0,"menu_order":0,"comment_status":"closed","ping_status":"closed","template":"","meta":{"footnotes":""},"class_list":["post-304","page","type-page","status-publish","hentry"],"_links":{"self":[{"href":"https:\/\/ser.letras.up.pt\/sga\/wp-json\/wp\/v2\/pages\/304","targetHints":{"allow":["GET"]}}],"collection":[{"href":"https:\/\/ser.letras.up.pt\/sga\/wp-json\/wp\/v2\/pages"}],"about":[{"href":"https:\/\/ser.letras.up.pt\/sga\/wp-json\/wp\/v2\/types\/page"}],"author":[{"embeddable":true,"href":"https:\/\/ser.letras.up.pt\/sga\/wp-json\/wp\/v2\/users\/10"}],"replies":[{"embeddable":true,"href":"https:\/\/ser.letras.up.pt\/sga\/wp-json\/wp\/v2\/comments?post=304"}],"version-history":[{"count":6,"href":"https:\/\/ser.letras.up.pt\/sga\/wp-json\/wp\/v2\/pages\/304\/revisions"}],"predecessor-version":[{"id":1545,"href":"https:\/\/ser.letras.up.pt\/sga\/wp-json\/wp\/v2\/pages\/304\/revisions\/1545"}],"wp:attachment":[{"href":"https:\/\/ser.letras.up.pt\/sga\/wp-json\/wp\/v2\/media?parent=304"}],"curies":[{"name":"wp","href":"https:\/\/api.w.org\/{rel}","templated":true}]}}