{"id":302,"date":"2024-05-15T13:17:19","date_gmt":"2024-05-15T13:17:19","guid":{"rendered":"https:\/\/ser.letras.up.pt\/sga\/?page_id=302"},"modified":"2025-05-06T13:58:47","modified_gmt":"2025-05-06T13:58:47","slug":"estatuto-de-trabalhador-estudante","status":"publish","type":"page","link":"https:\/\/ser.letras.up.pt\/sga\/estatuto-de-trabalhador-estudante\/","title":{"rendered":"Estatuto de Trabalhador-estudante"},"content":{"rendered":"\n<h2 class=\"wp-block-heading has-text-color\" style=\"color:#003ed1\">Condi\u00e7\u00f5es para requerer o Estatuto: <\/h2>\n\n\n\n<p class=\"has-text-color\" style=\"color:#808080\">&#8211; ser trabalhador por conta de outrem, trabalhador por conta pr\u00f3pria ou frequentar <strong>curso de forma\u00e7\u00e3o profissional ou programa de ocupa\u00e7\u00e3o tempor\u00e1ria de jovens com dura\u00e7\u00e3o igual ou superior a seis meses.<\/strong><\/p>\n\n\n\n<p class=\"has-text-color\" style=\"color:#808080\">&#8211; estudantes que <strong>tenham usufru\u00eddo deste estatuto e que atualmente se encontrem em situa\u00e7\u00e3o de desemprego involunt\u00e1rio.<\/strong><br><\/p>\n\n\n\n<h3 class=\"wp-block-heading has-text-color\" style=\"color:#1b8be0\"><br>Documentos a entregar para o pedido do Estatuto:<\/h3>\n\n\n\n<p class=\"has-text-color\" style=\"color:#808080\">1. Se o requerente for trabalhador por conta de outrem:<\/p>\n\n\n\n<p class=\"has-text-color\" style=\"color:#808080\">&#8211; Declara\u00e7\u00e3o da entidade patronal, atualizada, assinada e devidamente autenticada com carimbo ou assinatura reconhecida, com indica\u00e7\u00e3o do n\u00famero de benefici\u00e1rio da Seguran\u00e7a Social do estudante ou, em alternativa, declara\u00e7\u00e3o comprovativa de inscri\u00e7\u00e3o na Caixa de Previd\u00eancia ou, ainda, mapa atualizado de descontos para a Seguran\u00e7a Social;<\/p>\n\n\n\n<p class=\"has-text-color\" style=\"color:#808080\">2. Se o requerente for trabalhador independente:<\/p>\n\n\n\n<p class=\"has-text-color\" style=\"color:#808080\">&#8211; Declara\u00e7\u00e3o de in\u00edcio\/rein\u00edcio de atividade emitida pela reparti\u00e7\u00e3o de finan\u00e7as, no ano desse in\u00edcio ou, nos anos seguintes, declara\u00e7\u00e3o de rendimentos da qual n\u00e3o poder\u00e3o figurar rendimentos nulos;&nbsp;<\/p>\n\n\n\n<p class=\"has-text-color\" style=\"color:#808080\">&#8211; Declara\u00e7\u00e3o comprovativa de inscri\u00e7\u00e3o ou de isen\u00e7\u00e3o de inscri\u00e7\u00e3o na Seguran\u00e7a Social.<\/p>\n\n\n\n<p class=\"has-text-color\" style=\"color:#808080\"><br>A documenta\u00e7\u00e3o necess\u00e1ria deve ser entregue no ato da matr\u00edcula\/inscri\u00e7\u00e3o ou <strong>no prazo m\u00e1ximo de 20 dias \u00fateis ap\u00f3s a data do in\u00edcio do ano letivo<\/strong>.<br>Se o estudante reunir condi\u00e7\u00f5es para a obten\u00e7\u00e3o do estatuto de trabalhador estudante<strong> no segundo semestre, <\/strong>deve apresentar o requerimento e os documentos comprovativos<strong>, no prazo m\u00e1ximo de 20 dias \u00fateis a contar do in\u00edcio das atividades do 2\u00ba semestre.<\/strong><\/p>\n\n\n\n<h5 class=\"wp-block-heading has-text-color\" style=\"color:#1b8be0\"><br>Direitos:<\/h5>\n\n\n\n<p class=\"has-text-color\" style=\"color:#808080\">Trabalhadores Estudantes t\u00eam a possibilidade de requerer, em cada ano letivo, &#8220;at\u00e9 5 exames ou provas globais espec\u00edficas, para al\u00e9m dos previstos nas \u00e9pocas normal e de recurso, com limite m\u00e1ximo de dois exames\/provas por unidade curricular&#8221; que tenham os seguintes tipos de avalia\u00e7\u00e3o: Exame final ou distribu\u00edda com exame final, conforme o <a href=\"https:\/\/sigarra.up.pt\/flup\/pt\/LEGISLACAO_GERAL.ver_legislacao?p_nr=5905\" target=\"_blank\" rel=\"noreferrer noopener\"><span style=\"text-decoration: underline\">Regulamento n.\u00ba 40\/2022<\/span><\/a>.<\/p>\n\n\n\n<h5 class=\"wp-block-heading has-text-color\" style=\"color:#1b8be0\"><br>Os direitos concedidos ao trabalhador-estudante cessam com:<\/h5>\n\n\n\n<p class=\"has-text-color\" style=\"color:#808080\">&#8211; A falta de aproveitamento em <strong>dois anos letivos consecutivos ou tr\u00eas interpolados<\/strong>;<\/p>\n\n\n\n<p class=\"has-text-color\" style=\"color:#808080\">&#8211; A presta\u00e7\u00e3o de falsas declara\u00e7\u00f5es quanto aos factos de que dependa a concess\u00e3o do estatuto ou a factos constitutivos de direitos, bem como quando tenham sido utilizados para fins abusivos, sem preju\u00edzo de outras medidas legalmente aplic\u00e1veis.<br><br><\/p>\n\n\n\n<p class=\"has-text-color\" style=\"color:#1b8be0\"><strong><strong>Consultar aqui toda a informa\u00e7\u00e3o:\u00a0<a href=\"https:\/\/sigarra.up.pt\/flup\/pt\/LEGISLACAO_GERAL.ver_legislacao?p_nr=5905\" target=\"_blank\" rel=\"noreferrer noopener\">Regulamento n.\u00ba 40\/2022<\/a>.<\/strong><\/strong><\/p>\n\n\n\n<p><\/p>\n","protected":false},"excerpt":{"rendered":"<p>Condi\u00e7\u00f5es para requerer o Estatuto: &#8211; ser trabalhador por conta de outrem, trabalhador por conta pr\u00f3pria ou frequentar curso de forma\u00e7\u00e3o profissional ou programa de ocupa\u00e7\u00e3o tempor\u00e1ria de jovens com dura\u00e7\u00e3o igual ou superior a seis meses. &#8211; estudantes que tenham usufru\u00eddo deste estatuto e que atualmente se encontrem em situa\u00e7\u00e3o de desemprego involunt\u00e1rio. Documentos [&hellip;]<\/p>\n","protected":false},"author":10,"featured_media":0,"parent":0,"menu_order":0,"comment_status":"closed","ping_status":"closed","template":"","meta":{"footnotes":""},"class_list":["post-302","page","type-page","status-publish","hentry"],"_links":{"self":[{"href":"https:\/\/ser.letras.up.pt\/sga\/wp-json\/wp\/v2\/pages\/302","targetHints":{"allow":["GET"]}}],"collection":[{"href":"https:\/\/ser.letras.up.pt\/sga\/wp-json\/wp\/v2\/pages"}],"about":[{"href":"https:\/\/ser.letras.up.pt\/sga\/wp-json\/wp\/v2\/types\/page"}],"author":[{"embeddable":true,"href":"https:\/\/ser.letras.up.pt\/sga\/wp-json\/wp\/v2\/users\/10"}],"replies":[{"embeddable":true,"href":"https:\/\/ser.letras.up.pt\/sga\/wp-json\/wp\/v2\/comments?post=302"}],"version-history":[{"count":14,"href":"https:\/\/ser.letras.up.pt\/sga\/wp-json\/wp\/v2\/pages\/302\/revisions"}],"predecessor-version":[{"id":1547,"href":"https:\/\/ser.letras.up.pt\/sga\/wp-json\/wp\/v2\/pages\/302\/revisions\/1547"}],"wp:attachment":[{"href":"https:\/\/ser.letras.up.pt\/sga\/wp-json\/wp\/v2\/media?parent=302"}],"curies":[{"name":"wp","href":"https:\/\/api.w.org\/{rel}","templated":true}]}}