{"id":223,"date":"2024-05-10T14:09:06","date_gmt":"2024-05-10T14:09:06","guid":{"rendered":"https:\/\/ser.letras.up.pt\/sga\/?page_id=223"},"modified":"2025-05-06T14:48:47","modified_gmt":"2025-05-06T14:48:47","slug":"tempo-parcial-estudante-internacional","status":"publish","type":"page","link":"https:\/\/ser.letras.up.pt\/sga\/tempo-parcial-estudante-internacional\/","title":{"rendered":"Tempo parcial &#8211; estudante internacional"},"content":{"rendered":"\n<p><br><\/p>\n\n\n\n<h2 class=\"wp-block-heading has-text-color\" style=\"color:#003ed1\">Regular<\/h2>\n\n\n\n<figure class=\"wp-block-table\"><table><tbody><tr><td><strong>N\u00famero<br>de ECTS<br>de inscri\u00e7\u00e3o<\/strong><\/td><td class=\"has-text-align-center\" data-align=\"center\"><strong>Licenciatura<\/strong><\/td><td class=\"has-text-align-center\" data-align=\"center\"><strong>Mestrado<sup><small>*<\/small><\/sup><\/strong><\/td><td class=\"has-text-align-center\" data-align=\"center\"><strong>Mestrado em Ensino<sup><small>*<\/small><\/sup><\/strong><\/td><td class=\"has-text-align-center\" data-align=\"center\"><strong>Doutoramento<sup> <small>***<\/small><\/sup><\/strong><\/td><\/tr><tr><td><strong>18 ECTS<\/strong><\/td><td class=\"has-text-align-center\" data-align=\"center\">1 225,00 \u20ac<\/td><td class=\"has-text-align-center\" data-align=\"center\">1 400,00 \u20ac<\/td><td class=\"has-text-align-center\" data-align=\"center\">1 225,00 \u20ac<\/td><td class=\"has-text-align-center\" data-align=\"center\">2 100,00 \u20ac<\/td><\/tr><tr><td><strong>19-37,50 ECTS<\/strong><\/td><td class=\"has-text-align-center\" data-align=\"center\">2 450,00 \u20ac<\/td><td class=\"has-text-align-center\" data-align=\"center\">2 800,00 \u20ac<\/td><td class=\"has-text-align-center\" data-align=\"center\">2 450,00 \u20ac<\/td><td class=\"has-text-align-center\" data-align=\"center\">4 200,00 \u20ac<\/td><\/tr><tr><td><strong>38-40,50 ECTS<\/strong><\/td><td class=\"has-text-align-center\" data-align=\"center\">2 800,00 \u20ac<\/td><td class=\"has-text-align-center\" data-align=\"center\">3 200,00 \u20ac<\/td><td class=\"has-text-align-center\" data-align=\"center\">2 800,00 \u20ac<\/td><td class=\"has-text-align-center\" data-align=\"center\">4 800,00 \u20ac<\/td><\/tr><tr><td><strong>Inscri\u00e7\u00e3o exclusiva em unidades curriculares n\u00e3o letivas (ex.: Disserta\u00e7\u00e3o \/ Tese)<\/strong><\/td><td class=\"has-text-align-center\" data-align=\"center\">&#8211;<\/td><td class=\"has-text-align-center\" data-align=\"center\">2 000,00 \u20ac<\/td><td class=\"has-text-align-center\" data-align=\"center\">1 750,00 \u20ac<\/td><td class=\"has-text-align-center\" data-align=\"center\">3 000,00 \u20ac<\/td><\/tr><\/tbody><\/table><figcaption class=\"wp-element-caption\"><strong><small><sup><small>*<\/small><\/sup> <\/small><\/strong><small>Inscri\u00e7\u00e3o na componente disserta\u00e7\u00e3o\/est\u00e1gio\/projeto nos <a href=\"https:\/\/sigarra.up.pt\/flup\/pt\/web_gessi_docs.download_file?p_name=F-1846775339\/Delibera\u00e7\u00f5es Reuni\u00e3o Conselho Geral_11.12_2020_com anexos-17-18.pdf\"><span style=\"text-decoration: underline\">c<\/span><\/a><a href=\"https:\/\/ser.letras.up.pt\/sga\/wp-content\/uploads\/2024\/05\/Deliberacoes_Reuniao_Conselho_Geral_11.12_2020_com_anexos-17-18.pdf\" target=\"_blank\" rel=\"noreferrer noopener\"><span style=\"text-decoration: underline\">iclos de estudos de 90 ECTS<\/span><\/a> (pagar\u00e1 50% da propina anual)<br><strong><sup><small>***<\/small><\/sup><\/strong>Taxa de matr\u00edcula 100,00 \u20ac<\/small><\/figcaption><\/figure>\n\n\n\n<h2 class=\"wp-block-heading has-text-color\" style=\"color:#003ed1\"><br>CPLP<\/h2>\n\n\n\n<figure class=\"wp-block-table\"><table><tbody><tr><td><strong>N\u00famero<br>de ECTS<br>de inscri\u00e7\u00e3o<\/strong><\/td><td class=\"has-text-align-center\" data-align=\"center\"><strong>Licenciatura<\/strong><\/td><td class=\"has-text-align-center\" data-align=\"center\"><strong>Mestrado<sup><small>*<\/small><\/sup><\/strong><\/td><td class=\"has-text-align-center\" data-align=\"center\"><strong>Mestrado em Ensino<sup><small>*<\/small><\/sup><\/strong><\/td><td class=\"has-text-align-center\" data-align=\"center\"><strong>Doutoramento<sup> <small>***<\/small><\/sup><\/strong><\/td><\/tr><tr><td><strong>18 ECTS<\/strong><\/td><td class=\"has-text-align-center\" data-align=\"center\"><strong>673,75 \u20ac<\/strong><\/td><td class=\"has-text-align-center\" data-align=\"center\"><strong>770,00 \u20ac<\/strong><\/td><td class=\"has-text-align-center\" data-align=\"center\"><strong>673,75 \u20ac<\/strong><\/td><td class=\"has-text-align-center\" data-align=\"center\"><strong>1 155,00 \u20ac<\/strong><\/td><\/tr><tr><td><strong>19-37,50 ECTS<\/strong><\/td><td class=\"has-text-align-center\" data-align=\"center\"><strong>1 347,50 \u20ac<\/strong><\/td><td class=\"has-text-align-center\" data-align=\"center\"><strong>1 540,00 \u20ac<\/strong><\/td><td class=\"has-text-align-center\" data-align=\"center\"><strong>1 347,50 \u20ac<\/strong><\/td><td class=\"has-text-align-center\" data-align=\"center\"><strong>2 310,00 \u20ac<\/strong><\/td><\/tr><tr><td><strong>38-40,50 ECTS<\/strong><\/td><td class=\"has-text-align-center\" data-align=\"center\"><strong>1 540,00 \u20ac<\/strong><\/td><td class=\"has-text-align-center\" data-align=\"center\"><strong>1 700,00 \u20ac<\/strong><\/td><td class=\"has-text-align-center\" data-align=\"center\"><strong>1 540,00 \u20ac<\/strong><\/td><td class=\"has-text-align-center\" data-align=\"center\"><strong>2 640,00 \u20ac<\/strong><\/td><\/tr><tr><td><strong>Inscri\u00e7\u00e3o exclusiva em unidades curriculares n\u00e3o letivas (ex.: Disserta\u00e7\u00e3o \/ Tese)<\/strong><\/td><td class=\"has-text-align-center\" data-align=\"center\">&#8211;<\/td><td class=\"has-text-align-center\" data-align=\"center\"><strong>1 100,00 \u20ac<\/strong><\/td><td class=\"has-text-align-center\" data-align=\"center\"><strong>962,50 \u20ac<\/strong><\/td><td class=\"has-text-align-center\" data-align=\"center\"><br><strong>1 650,00 \u20ac<\/strong><\/td><\/tr><\/tbody><\/table><figcaption class=\"wp-element-caption\"><strong><small><sup><small>*<\/small><\/sup> <\/small><\/strong><small>Inscri\u00e7\u00e3o na componente disserta\u00e7\u00e3o\/est\u00e1gio\/projeto nos <a href=\"https:\/\/sigarra.up.pt\/flup\/pt\/web_gessi_docs.download_file?p_name=F-1846775339\/Delibera\u00e7\u00f5es Reuni\u00e3o Conselho Geral_11.12_2020_com anexos-17-18.pdf\"><span style=\"text-decoration: underline\">c<\/span><\/a><a href=\"https:\/\/ser.letras.up.pt\/sga\/wp-content\/uploads\/2024\/05\/Deliberacoes_Reuniao_Conselho_Geral_11.12_2020_com_anexos-17-18.pdf\" target=\"_blank\" rel=\"noreferrer noopener\"><span style=\"text-decoration: underline\">iclos de estudos de 90 ECTS<\/span><\/a><em> <\/em>(pagar\u00e1 50% da propina anual)<br><strong><sup><small>***<\/small><\/sup><\/strong>Taxa de matr\u00edcula 100,00 \u20ac<\/small><\/figcaption><\/figure>\n","protected":false},"excerpt":{"rendered":"<p>Regular N\u00famerode ECTSde inscri\u00e7\u00e3o Licenciatura Mestrado* Mestrado em Ensino* Doutoramento *** 18 ECTS 1 225,00 \u20ac 1 400,00 \u20ac 1 225,00 \u20ac 2 100,00 \u20ac 19-37,50 ECTS 2 450,00 \u20ac 2 800,00 \u20ac 2 450,00 \u20ac 4 200,00 \u20ac 38-40,50 ECTS 2 800,00 \u20ac 3 200,00 \u20ac 2 800,00 \u20ac 4 800,00 \u20ac Inscri\u00e7\u00e3o exclusiva [&hellip;]<\/p>\n","protected":false},"author":10,"featured_media":0,"parent":0,"menu_order":0,"comment_status":"closed","ping_status":"closed","template":"","meta":{"footnotes":""},"class_list":["post-223","page","type-page","status-publish","hentry"],"_links":{"self":[{"href":"https:\/\/ser.letras.up.pt\/sga\/wp-json\/wp\/v2\/pages\/223","targetHints":{"allow":["GET"]}}],"collection":[{"href":"https:\/\/ser.letras.up.pt\/sga\/wp-json\/wp\/v2\/pages"}],"about":[{"href":"https:\/\/ser.letras.up.pt\/sga\/wp-json\/wp\/v2\/types\/page"}],"author":[{"embeddable":true,"href":"https:\/\/ser.letras.up.pt\/sga\/wp-json\/wp\/v2\/users\/10"}],"replies":[{"embeddable":true,"href":"https:\/\/ser.letras.up.pt\/sga\/wp-json\/wp\/v2\/comments?post=223"}],"version-history":[{"count":8,"href":"https:\/\/ser.letras.up.pt\/sga\/wp-json\/wp\/v2\/pages\/223\/revisions"}],"predecessor-version":[{"id":1583,"href":"https:\/\/ser.letras.up.pt\/sga\/wp-json\/wp\/v2\/pages\/223\/revisions\/1583"}],"wp:attachment":[{"href":"https:\/\/ser.letras.up.pt\/sga\/wp-json\/wp\/v2\/media?parent=223"}],"curies":[{"name":"wp","href":"https:\/\/api.w.org\/{rel}","templated":true}]}}